{"id":8021,"date":"2020-05-08T08:17:26","date_gmt":"2020-05-08T08:17:26","guid":{"rendered":"https:\/\/steklarna-rogaska.si\/product\/bellevue-tanjur-19-cm\/"},"modified":"2024-10-11T04:23:19","modified_gmt":"2024-10-11T04:23:19","slug":"bellevue-tanjur-19-cm","status":"publish","type":"product","link":"https:\/\/steklarna-rogaska.si\/hr\/proizvod\/bellevue-tanjur-19-cm\/","title":{"rendered":"BELLEVUE tanjur 19 cm"},"content":{"rendered":"<p>vi\u0161ina = 25 mm<br \/>\n\u0161irina = 193 mm<br \/>\nte\u017ea = 4,1 kg<\/p>\n","protected":false},"excerpt":{"rendered":"<p>vi\u0161ina = 25 mm \u0161irina = 193 mm te\u017ea = 4,1 kg<\/p>\n","protected":false},"featured_media":8022,"comment_status":"open","ping_status":"closed","template":"","meta":[],"product_brand":[],"product_cat":[1229,1035,1227,1047],"product_tag":[604,744],"class_list":{"0":"post-8021","1":"product","2":"type-product","3":"status-publish","4":"has-post-thumbnail","6":"product_cat-poklon-program","7":"product_cat-mali-pokloni","8":"product_cat-tanjuri-i-pladnjevi","9":"product_cat-tanjuri","10":"product_tag-bellevue-hr","11":"product_tag-kroznik-za-pecivo-hr","13":"first","14":"instock","15":"shipping-taxable","16":"purchasable","17":"product-type-simple"},"_links":{"self":[{"href":"https:\/\/steklarna-rogaska.si\/hr\/wp-json\/wp\/v2\/product\/8021","targetHints":{"allow":["GET"]}}],"collection":[{"href":"https:\/\/steklarna-rogaska.si\/hr\/wp-json\/wp\/v2\/product"}],"about":[{"href":"https:\/\/steklarna-rogaska.si\/hr\/wp-json\/wp\/v2\/types\/product"}],"replies":[{"embeddable":true,"href":"https:\/\/steklarna-rogaska.si\/hr\/wp-json\/wp\/v2\/comments?post=8021"}],"wp:featuredmedia":[{"embeddable":true,"href":"https:\/\/steklarna-rogaska.si\/hr\/wp-json\/wp\/v2\/media\/8022"}],"wp:attachment":[{"href":"https:\/\/steklarna-rogaska.si\/hr\/wp-json\/wp\/v2\/media?parent=8021"}],"wp:term":[{"taxonomy":"product_brand","embeddable":true,"href":"https:\/\/steklarna-rogaska.si\/hr\/wp-json\/wp\/v2\/product_brand?post=8021"},{"taxonomy":"product_cat","embeddable":true,"href":"https:\/\/steklarna-rogaska.si\/hr\/wp-json\/wp\/v2\/product_cat?post=8021"},{"taxonomy":"product_tag","embeddable":true,"href":"https:\/\/steklarna-rogaska.si\/hr\/wp-json\/wp\/v2\/product_tag?post=8021"}],"curies":[{"name":"wp","href":"https:\/\/api.w.org\/{rel}","templated":true}]}}