{"id":8001,"date":"2025-02-25T09:29:11","date_gmt":"2025-02-25T09:29:11","guid":{"rendered":"https:\/\/steklarna-rogaska.si\/product\/monaco-sive-case-s-razlicitim-uzorcima-set-6\/"},"modified":"2025-11-19T06:56:40","modified_gmt":"2025-11-19T06:56:40","slug":"monaco-sive-case-s-razlicitim-uzorcima-set-6","status":"publish","type":"product","link":"https:\/\/steklarna-rogaska.si\/hr\/proizvod\/monaco-sive-case-s-razlicitim-uzorcima-set-6\/","title":{"rendered":"MONACO sive \u010da\u0161e s razli\u010ditim uzorcima- set 6"},"content":{"rendered":"<p>vi\u0161ina = 100 mm<br \/>\n\u0161irina = 82 mm<br \/>\nte\u017ea = 0,1 kg<\/p>\n","protected":false},"excerpt":{"rendered":"<p>vi\u0161ina = 100 mm \u0161irina = 82 mm te\u017ea = 0,1 kg<\/p>\n","protected":false},"featured_media":8002,"comment_status":"closed","ping_status":"closed","template":"","meta":[],"product_brand":[],"product_cat":[537,1059,1229,1119,1118,1034,1041,1060,1084,1062,1067,559,561],"product_tag":[688,569,570,571],"class_list":{"0":"post-8001","1":"product","2":"type-product","3":"status-publish","4":"has-post-thumbnail","6":"product_cat-pribor-za-bar","7":"product_cat-case-za-viski-hr","8":"product_cat-poklon-program","9":"product_cat-poklon-za-nju","10":"product_cat-poklon-za-vjencanje","11":"product_cat-poslovni-pokloni","12":"product_cat-bozicna-ponuda","13":"product_cat-case","14":"product_cat-case-za-sok","15":"product_cat-case-za-viski","16":"product_cat-case-za-vodo","17":"product_cat-sve-za-vino","18":"product_cat-case-za-vodu","19":"product_tag-monaco-hr","20":"product_tag-za-mesane-pijace-hr","21":"product_tag-za-vodu","22":"product_tag-za-zestice","24":"first","25":"instock","26":"featured","27":"shipping-taxable","28":"purchasable","29":"product-type-simple"},"_links":{"self":[{"href":"https:\/\/steklarna-rogaska.si\/hr\/wp-json\/wp\/v2\/product\/8001","targetHints":{"allow":["GET"]}}],"collection":[{"href":"https:\/\/steklarna-rogaska.si\/hr\/wp-json\/wp\/v2\/product"}],"about":[{"href":"https:\/\/steklarna-rogaska.si\/hr\/wp-json\/wp\/v2\/types\/product"}],"replies":[{"embeddable":true,"href":"https:\/\/steklarna-rogaska.si\/hr\/wp-json\/wp\/v2\/comments?post=8001"}],"wp:featuredmedia":[{"embeddable":true,"href":"https:\/\/steklarna-rogaska.si\/hr\/wp-json\/wp\/v2\/media\/8002"}],"wp:attachment":[{"href":"https:\/\/steklarna-rogaska.si\/hr\/wp-json\/wp\/v2\/media?parent=8001"}],"wp:term":[{"taxonomy":"product_brand","embeddable":true,"href":"https:\/\/steklarna-rogaska.si\/hr\/wp-json\/wp\/v2\/product_brand?post=8001"},{"taxonomy":"product_cat","embeddable":true,"href":"https:\/\/steklarna-rogaska.si\/hr\/wp-json\/wp\/v2\/product_cat?post=8001"},{"taxonomy":"product_tag","embeddable":true,"href":"https:\/\/steklarna-rogaska.si\/hr\/wp-json\/wp\/v2\/product_tag?post=8001"}],"curies":[{"name":"wp","href":"https:\/\/api.w.org\/{rel}","templated":true}]}}