{"id":7997,"date":"2025-02-27T15:28:49","date_gmt":"2025-02-27T15:28:49","guid":{"rendered":"https:\/\/steklarna-rogaska.si\/product\/monaco-roza-case-s-razlicitim-uzorcima-set-6\/"},"modified":"2024-03-07T06:11:35","modified_gmt":"2024-03-07T06:11:35","slug":"monaco-roza-case-s-razlicitim-uzorcima-set-6","status":"publish","type":"product","link":"https:\/\/steklarna-rogaska.si\/hr\/proizvod\/monaco-roza-case-s-razlicitim-uzorcima-set-6\/","title":{"rendered":"MONACO roza \u010da\u0161e s razli\u010ditim uzorcima &#8211; set 6"},"content":{"rendered":"<p>vi\u0161ina = 100 mm<br \/>\n\u0161irina = 82 mm<br \/>\nte\u017ea = 0,1 kg<\/p>\n","protected":false},"excerpt":{"rendered":"<p>vi\u0161ina = 100 mm \u0161irina = 82 mm te\u017ea = 0,1 kg<\/p>\n","protected":false},"featured_media":7998,"comment_status":"closed","ping_status":"closed","template":"","meta":[],"product_brand":[],"product_cat":[1059,1229,1119,1118,1034,1041,1060,1084,1062,1067,559,561],"product_tag":[688,569,570,571],"class_list":{"0":"post-7997","1":"product","2":"type-product","3":"status-publish","4":"has-post-thumbnail","6":"product_cat-case-za-viski-hr","7":"product_cat-poklon-program","8":"product_cat-poklon-za-nju","9":"product_cat-poklon-za-vjencanje","10":"product_cat-poslovni-pokloni","11":"product_cat-bozicna-ponuda","12":"product_cat-case","13":"product_cat-case-za-sok","14":"product_cat-case-za-viski","15":"product_cat-case-za-vodo","16":"product_cat-sve-za-vino","17":"product_cat-case-za-vodu","18":"product_tag-monaco-hr","19":"product_tag-za-mesane-pijace-hr","20":"product_tag-za-vodu","21":"product_tag-za-zestice","23":"first","24":"instock","25":"shipping-taxable","26":"purchasable","27":"product-type-simple"},"_links":{"self":[{"href":"https:\/\/steklarna-rogaska.si\/hr\/wp-json\/wp\/v2\/product\/7997","targetHints":{"allow":["GET"]}}],"collection":[{"href":"https:\/\/steklarna-rogaska.si\/hr\/wp-json\/wp\/v2\/product"}],"about":[{"href":"https:\/\/steklarna-rogaska.si\/hr\/wp-json\/wp\/v2\/types\/product"}],"replies":[{"embeddable":true,"href":"https:\/\/steklarna-rogaska.si\/hr\/wp-json\/wp\/v2\/comments?post=7997"}],"wp:featuredmedia":[{"embeddable":true,"href":"https:\/\/steklarna-rogaska.si\/hr\/wp-json\/wp\/v2\/media\/7998"}],"wp:attachment":[{"href":"https:\/\/steklarna-rogaska.si\/hr\/wp-json\/wp\/v2\/media?parent=7997"}],"wp:term":[{"taxonomy":"product_brand","embeddable":true,"href":"https:\/\/steklarna-rogaska.si\/hr\/wp-json\/wp\/v2\/product_brand?post=7997"},{"taxonomy":"product_cat","embeddable":true,"href":"https:\/\/steklarna-rogaska.si\/hr\/wp-json\/wp\/v2\/product_cat?post=7997"},{"taxonomy":"product_tag","embeddable":true,"href":"https:\/\/steklarna-rogaska.si\/hr\/wp-json\/wp\/v2\/product_tag?post=7997"}],"curies":[{"name":"wp","href":"https:\/\/api.w.org\/{rel}","templated":true}]}}