{"id":7983,"date":"2020-05-13T07:51:21","date_gmt":"2020-05-13T07:51:21","guid":{"rendered":"https:\/\/steklarna-rogaska.si\/product\/stone-pehar-za-pjenusac-set-2\/"},"modified":"2024-10-10T10:05:44","modified_gmt":"2024-10-10T10:05:44","slug":"stone-pehar-za-pjenusac-set-2","status":"publish","type":"product","link":"https:\/\/steklarna-rogaska.si\/hr\/proizvod\/stone-pehar-za-pjenusac-set-2\/","title":{"rendered":"STONE \u010da\u0161a za pjenu\u0161ac &#8211; set 2"},"content":{"rendered":"<p>vi\u0161ina = 265 mm<br \/>\n\u0161irina = 72 mm<br \/>\nvol.-320 ml<br \/>\nte\u017ea = 0,1 kg<\/p>\n","protected":false},"excerpt":{"rendered":"<p>vi\u0161ina = 265 mm \u0161irina = 72 mm vol.-320 ml te\u017ea = 0,1 kg<\/p>\n","protected":false},"featured_media":7310,"comment_status":"open","ping_status":"open","template":"","meta":[],"product_brand":[],"product_cat":[1118,1060,1069,559,1068],"product_tag":[1071,1072,1073,1074,729,564],"class_list":{"0":"post-7983","1":"product","2":"type-product","3":"status-publish","4":"has-post-thumbnail","6":"product_cat-poklon-za-vjencanje","7":"product_cat-case","8":"product_cat-case-za-pjenusac","9":"product_cat-sve-za-vino","10":"product_cat-case-za-pjenusac-hr","11":"product_tag-kelih-za-penino-hr","12":"product_tag-kozarec-za-penino-hr","13":"product_tag-peninski-kelih-hr","14":"product_tag-peninski-kozarec-hr","15":"product_tag-stone-hr","16":"product_tag-za-pjenusac","18":"first","19":"outofstock","20":"shipping-taxable","21":"purchasable","22":"product-type-simple"},"_links":{"self":[{"href":"https:\/\/steklarna-rogaska.si\/hr\/wp-json\/wp\/v2\/product\/7983","targetHints":{"allow":["GET"]}}],"collection":[{"href":"https:\/\/steklarna-rogaska.si\/hr\/wp-json\/wp\/v2\/product"}],"about":[{"href":"https:\/\/steklarna-rogaska.si\/hr\/wp-json\/wp\/v2\/types\/product"}],"replies":[{"embeddable":true,"href":"https:\/\/steklarna-rogaska.si\/hr\/wp-json\/wp\/v2\/comments?post=7983"}],"wp:featuredmedia":[{"embeddable":true,"href":"https:\/\/steklarna-rogaska.si\/hr\/wp-json\/wp\/v2\/media\/7310"}],"wp:attachment":[{"href":"https:\/\/steklarna-rogaska.si\/hr\/wp-json\/wp\/v2\/media?parent=7983"}],"wp:term":[{"taxonomy":"product_brand","embeddable":true,"href":"https:\/\/steklarna-rogaska.si\/hr\/wp-json\/wp\/v2\/product_brand?post=7983"},{"taxonomy":"product_cat","embeddable":true,"href":"https:\/\/steklarna-rogaska.si\/hr\/wp-json\/wp\/v2\/product_cat?post=7983"},{"taxonomy":"product_tag","embeddable":true,"href":"https:\/\/steklarna-rogaska.si\/hr\/wp-json\/wp\/v2\/product_tag?post=7983"}],"curies":[{"name":"wp","href":"https:\/\/api.w.org\/{rel}","templated":true}]}}