{"id":7981,"date":"2019-12-28T09:28:49","date_gmt":"2019-12-28T09:28:49","guid":{"rendered":"https:\/\/steklarna-rogaska.si\/product\/plant-vaza-30-cm-ljubicasta\/"},"modified":"2024-03-07T06:11:59","modified_gmt":"2024-03-07T06:11:59","slug":"plant-vaza-30-cm-ljubicasta","status":"publish","type":"product","link":"https:\/\/steklarna-rogaska.si\/hr\/proizvod\/plant-vaza-30-cm-ljubicasta\/","title":{"rendered":"PLANT vaza 30 cm ljubi\u010dasta"},"content":{"rendered":"<p>vi\u0161ina = 300 mm<br \/>\n\u0161irina = 150 mm<br \/>\nte\u017ea = 3,8 kg<\/p>\n","protected":false},"excerpt":{"rendered":"<p>vi\u0161ina = 300 mm \u0161irina = 150 mm te\u017ea = 3,8 kg<\/p>\n","protected":false},"featured_media":7982,"comment_status":"closed","ping_status":"open","template":"","meta":[],"product_brand":[],"product_cat":[1159],"product_tag":[701,736,735],"class_list":{"0":"post-7981","1":"product","2":"type-product","3":"status-publish","4":"has-post-thumbnail","6":"product_cat-vaze-hr","7":"product_tag-plant-hr","8":"product_tag-porocna-darila-hr-2","9":"product_tag-poroka-hr-2","11":"first","12":"instock","13":"shipping-taxable","14":"purchasable","15":"product-type-simple"},"_links":{"self":[{"href":"https:\/\/steklarna-rogaska.si\/hr\/wp-json\/wp\/v2\/product\/7981","targetHints":{"allow":["GET"]}}],"collection":[{"href":"https:\/\/steklarna-rogaska.si\/hr\/wp-json\/wp\/v2\/product"}],"about":[{"href":"https:\/\/steklarna-rogaska.si\/hr\/wp-json\/wp\/v2\/types\/product"}],"replies":[{"embeddable":true,"href":"https:\/\/steklarna-rogaska.si\/hr\/wp-json\/wp\/v2\/comments?post=7981"}],"wp:featuredmedia":[{"embeddable":true,"href":"https:\/\/steklarna-rogaska.si\/hr\/wp-json\/wp\/v2\/media\/7982"}],"wp:attachment":[{"href":"https:\/\/steklarna-rogaska.si\/hr\/wp-json\/wp\/v2\/media?parent=7981"}],"wp:term":[{"taxonomy":"product_brand","embeddable":true,"href":"https:\/\/steklarna-rogaska.si\/hr\/wp-json\/wp\/v2\/product_brand?post=7981"},{"taxonomy":"product_cat","embeddable":true,"href":"https:\/\/steklarna-rogaska.si\/hr\/wp-json\/wp\/v2\/product_cat?post=7981"},{"taxonomy":"product_tag","embeddable":true,"href":"https:\/\/steklarna-rogaska.si\/hr\/wp-json\/wp\/v2\/product_tag?post=7981"}],"curies":[{"name":"wp","href":"https:\/\/api.w.org\/{rel}","templated":true}]}}