{"id":7980,"date":"2025-05-06T06:51:21","date_gmt":"2025-05-06T06:51:21","guid":{"rendered":"https:\/\/steklarna-rogaska.si\/product\/avenue-set-boce-in-2-case-za-viski\/"},"modified":"2025-12-12T18:47:59","modified_gmt":"2025-12-12T18:47:59","slug":"avenue-set-boce-in-2-case-za-viski","status":"publish","type":"product","link":"https:\/\/steklarna-rogaska.si\/hr\/proizvod\/avenue-set-boce-in-2-case-za-viski\/","title":{"rendered":"AVENUE set boce in 2 \u010da\u0161e za viski"},"content":{"rendered":"<p>te\u017ea = 3,3 kg<\/p>\n","protected":false},"excerpt":{"rendered":"<p>te\u017ea = 3,3 kg<\/p>\n","protected":false},"featured_media":12455,"comment_status":"open","ping_status":"closed","template":"","meta":[],"product_brand":[],"product_cat":[537,538,1229,1045,1034,1041],"product_tag":[595,741,752,571],"class_list":{"0":"post-7980","1":"product","2":"type-product","3":"status-publish","4":"has-post-thumbnail","6":"product_cat-pribor-za-bar","7":"product_cat-poklon-setovi-barski-program","8":"product_cat-poklon-program","9":"product_cat-poklon-za-njega","10":"product_cat-poslovni-pokloni","11":"product_cat-bozicna-ponuda","12":"product_tag-avenue-hr","13":"product_tag-darilni-set-hr","14":"product_tag-praznicna-darila-hr","15":"product_tag-za-zestice","17":"first","18":"instock","19":"shipping-taxable","20":"purchasable","21":"product-type-simple"},"_links":{"self":[{"href":"https:\/\/steklarna-rogaska.si\/hr\/wp-json\/wp\/v2\/product\/7980","targetHints":{"allow":["GET"]}}],"collection":[{"href":"https:\/\/steklarna-rogaska.si\/hr\/wp-json\/wp\/v2\/product"}],"about":[{"href":"https:\/\/steklarna-rogaska.si\/hr\/wp-json\/wp\/v2\/types\/product"}],"replies":[{"embeddable":true,"href":"https:\/\/steklarna-rogaska.si\/hr\/wp-json\/wp\/v2\/comments?post=7980"}],"wp:featuredmedia":[{"embeddable":true,"href":"https:\/\/steklarna-rogaska.si\/hr\/wp-json\/wp\/v2\/media\/12455"}],"wp:attachment":[{"href":"https:\/\/steklarna-rogaska.si\/hr\/wp-json\/wp\/v2\/media?parent=7980"}],"wp:term":[{"taxonomy":"product_brand","embeddable":true,"href":"https:\/\/steklarna-rogaska.si\/hr\/wp-json\/wp\/v2\/product_brand?post=7980"},{"taxonomy":"product_cat","embeddable":true,"href":"https:\/\/steklarna-rogaska.si\/hr\/wp-json\/wp\/v2\/product_cat?post=7980"},{"taxonomy":"product_tag","embeddable":true,"href":"https:\/\/steklarna-rogaska.si\/hr\/wp-json\/wp\/v2\/product_tag?post=7980"}],"curies":[{"name":"wp","href":"https:\/\/api.w.org\/{rel}","templated":true}]}}