{"id":7977,"date":"2025-05-06T06:03:21","date_gmt":"2025-05-06T06:03:21","guid":{"rendered":"https:\/\/steklarna-rogaska.si\/product\/avenue-set-boce-in-6-casa-za-viski\/"},"modified":"2024-06-10T09:21:43","modified_gmt":"2024-06-10T09:21:43","slug":"avenue-set-boce-in-6-casa-za-viski","status":"publish","type":"product","link":"https:\/\/steklarna-rogaska.si\/hr\/proizvod\/avenue-set-boce-in-6-casa-za-viski\/","title":{"rendered":"AVENUE set boce in 6 \u010da\u0161a za viski"},"content":{"rendered":"<p>te\u017ea = 7,0 kg<\/p>\n","protected":false},"excerpt":{"rendered":"<p>te\u017ea = 7,0 kg<\/p>\n","protected":false},"featured_media":7307,"comment_status":"open","ping_status":"closed","template":"","meta":[],"product_brand":[],"product_cat":[537,538],"product_tag":[595,741,752,571],"class_list":{"0":"post-7977","1":"product","2":"type-product","3":"status-publish","4":"has-post-thumbnail","6":"product_cat-pribor-za-bar","7":"product_cat-poklon-setovi-barski-program","8":"product_tag-avenue-hr","9":"product_tag-darilni-set-hr","10":"product_tag-praznicna-darila-hr","11":"product_tag-za-zestice","13":"first","14":"instock","15":"shipping-taxable","16":"purchasable","17":"product-type-simple"},"_links":{"self":[{"href":"https:\/\/steklarna-rogaska.si\/hr\/wp-json\/wp\/v2\/product\/7977","targetHints":{"allow":["GET"]}}],"collection":[{"href":"https:\/\/steklarna-rogaska.si\/hr\/wp-json\/wp\/v2\/product"}],"about":[{"href":"https:\/\/steklarna-rogaska.si\/hr\/wp-json\/wp\/v2\/types\/product"}],"replies":[{"embeddable":true,"href":"https:\/\/steklarna-rogaska.si\/hr\/wp-json\/wp\/v2\/comments?post=7977"}],"wp:featuredmedia":[{"embeddable":true,"href":"https:\/\/steklarna-rogaska.si\/hr\/wp-json\/wp\/v2\/media\/7307"}],"wp:attachment":[{"href":"https:\/\/steklarna-rogaska.si\/hr\/wp-json\/wp\/v2\/media?parent=7977"}],"wp:term":[{"taxonomy":"product_brand","embeddable":true,"href":"https:\/\/steklarna-rogaska.si\/hr\/wp-json\/wp\/v2\/product_brand?post=7977"},{"taxonomy":"product_cat","embeddable":true,"href":"https:\/\/steklarna-rogaska.si\/hr\/wp-json\/wp\/v2\/product_cat?post=7977"},{"taxonomy":"product_tag","embeddable":true,"href":"https:\/\/steklarna-rogaska.si\/hr\/wp-json\/wp\/v2\/product_tag?post=7977"}],"curies":[{"name":"wp","href":"https:\/\/api.w.org\/{rel}","templated":true}]}}