{"id":7973,"date":"2020-05-13T07:51:21","date_gmt":"2020-05-13T07:51:21","guid":{"rendered":"https:\/\/steklarna-rogaska.si\/product\/olymp-set-boce-in-2-case-za-viski\/"},"modified":"2024-06-10T09:21:35","modified_gmt":"2024-06-10T09:21:35","slug":"olymp-set-boce-in-2-case-za-viski","status":"publish","type":"product","link":"https:\/\/steklarna-rogaska.si\/hr\/proizvod\/olymp-set-boce-in-2-case-za-viski\/","title":{"rendered":"OLYMP set boce in 2 \u010da\u0161e za viski"},"content":{"rendered":"<p>te\u017ea = 3,2 kg<\/p>\n","protected":false},"excerpt":{"rendered":"<p>te\u017ea = 3,2 kg<\/p>\n","protected":false},"featured_media":7292,"comment_status":"open","ping_status":"closed","template":"","meta":[],"product_brand":[],"product_cat":[537,538],"product_tag":[741,693,752,571],"class_list":{"0":"post-7973","1":"product","2":"type-product","3":"status-publish","4":"has-post-thumbnail","6":"product_cat-pribor-za-bar","7":"product_cat-poklon-setovi-barski-program","8":"product_tag-darilni-set-hr","9":"product_tag-olymp-hr","10":"product_tag-praznicna-darila-hr","11":"product_tag-za-zestice","13":"first","14":"outofstock","15":"shipping-taxable","16":"purchasable","17":"product-type-simple"},"_links":{"self":[{"href":"https:\/\/steklarna-rogaska.si\/hr\/wp-json\/wp\/v2\/product\/7973","targetHints":{"allow":["GET"]}}],"collection":[{"href":"https:\/\/steklarna-rogaska.si\/hr\/wp-json\/wp\/v2\/product"}],"about":[{"href":"https:\/\/steklarna-rogaska.si\/hr\/wp-json\/wp\/v2\/types\/product"}],"replies":[{"embeddable":true,"href":"https:\/\/steklarna-rogaska.si\/hr\/wp-json\/wp\/v2\/comments?post=7973"}],"wp:featuredmedia":[{"embeddable":true,"href":"https:\/\/steklarna-rogaska.si\/hr\/wp-json\/wp\/v2\/media\/7292"}],"wp:attachment":[{"href":"https:\/\/steklarna-rogaska.si\/hr\/wp-json\/wp\/v2\/media?parent=7973"}],"wp:term":[{"taxonomy":"product_brand","embeddable":true,"href":"https:\/\/steklarna-rogaska.si\/hr\/wp-json\/wp\/v2\/product_brand?post=7973"},{"taxonomy":"product_cat","embeddable":true,"href":"https:\/\/steklarna-rogaska.si\/hr\/wp-json\/wp\/v2\/product_cat?post=7973"},{"taxonomy":"product_tag","embeddable":true,"href":"https:\/\/steklarna-rogaska.si\/hr\/wp-json\/wp\/v2\/product_tag?post=7973"}],"curies":[{"name":"wp","href":"https:\/\/api.w.org\/{rel}","templated":true}]}}