{"id":7965,"date":"2020-05-18T07:30:21","date_gmt":"2020-05-18T07:30:21","guid":{"rendered":"https:\/\/steklarna-rogaska.si\/product\/your-excellency-vaza-41-cm\/"},"modified":"2024-03-07T06:12:03","modified_gmt":"2024-03-07T06:12:03","slug":"your-excellency-vaza-41-cm","status":"publish","type":"product","link":"https:\/\/steklarna-rogaska.si\/hr\/proizvod\/your-excellency-vaza-41-cm\/","title":{"rendered":"YOUR EXCELLENCY vaza 41 cm"},"content":{"rendered":"<p>vi\u0161ina = 409 mm<br \/>\n\u0161irina = 240 mm<br \/>\nte\u017ea = 7,5 kg<\/p>\n","protected":false},"excerpt":{"rendered":"<p>vi\u0161ina = 409 mm \u0161irina = 240 mm te\u017ea = 7,5 kg<\/p>\n","protected":false},"featured_media":7966,"comment_status":"open","ping_status":"open","template":"","meta":[],"product_brand":[],"product_cat":[1159],"product_tag":[736,735,738],"class_list":{"0":"post-7965","1":"product","2":"type-product","3":"status-publish","4":"has-post-thumbnail","6":"product_cat-vaze-hr","7":"product_tag-porocna-darila-hr-2","8":"product_tag-poroka-hr-2","9":"product_tag-your-excellency-hr","11":"first","12":"instock","13":"shipping-taxable","14":"purchasable","15":"product-type-simple"},"_links":{"self":[{"href":"https:\/\/steklarna-rogaska.si\/hr\/wp-json\/wp\/v2\/product\/7965","targetHints":{"allow":["GET"]}}],"collection":[{"href":"https:\/\/steklarna-rogaska.si\/hr\/wp-json\/wp\/v2\/product"}],"about":[{"href":"https:\/\/steklarna-rogaska.si\/hr\/wp-json\/wp\/v2\/types\/product"}],"replies":[{"embeddable":true,"href":"https:\/\/steklarna-rogaska.si\/hr\/wp-json\/wp\/v2\/comments?post=7965"}],"wp:featuredmedia":[{"embeddable":true,"href":"https:\/\/steklarna-rogaska.si\/hr\/wp-json\/wp\/v2\/media\/7966"}],"wp:attachment":[{"href":"https:\/\/steklarna-rogaska.si\/hr\/wp-json\/wp\/v2\/media?parent=7965"}],"wp:term":[{"taxonomy":"product_brand","embeddable":true,"href":"https:\/\/steklarna-rogaska.si\/hr\/wp-json\/wp\/v2\/product_brand?post=7965"},{"taxonomy":"product_cat","embeddable":true,"href":"https:\/\/steklarna-rogaska.si\/hr\/wp-json\/wp\/v2\/product_cat?post=7965"},{"taxonomy":"product_tag","embeddable":true,"href":"https:\/\/steklarna-rogaska.si\/hr\/wp-json\/wp\/v2\/product_tag?post=7965"}],"curies":[{"name":"wp","href":"https:\/\/api.w.org\/{rel}","templated":true}]}}