{"id":7963,"date":"2020-05-18T07:30:21","date_gmt":"2020-05-18T07:30:21","guid":{"rendered":"https:\/\/steklarna-rogaska.si\/product\/your-excellency-okrugla-zdjela\/"},"modified":"2024-10-10T10:31:24","modified_gmt":"2024-10-10T10:31:24","slug":"your-excellency-okrugla-zdjela","status":"publish","type":"product","link":"https:\/\/steklarna-rogaska.si\/hr\/proizvod\/your-excellency-okrugla-zdjela\/","title":{"rendered":"YOUR EXCELLENCY okrugla zdjela"},"content":{"rendered":"<p>vi\u0161ina = 329 mm<br \/>\n\u0161irina = 250 mm<br \/>\nte\u017ea = 7,8 kg<\/p>\n","protected":false},"excerpt":{"rendered":"<p>vi\u0161ina = 329 mm \u0161irina = 250 mm te\u017ea = 7,8 kg<\/p>\n","protected":false},"featured_media":7964,"comment_status":"open","ping_status":"open","template":"","meta":[],"product_brand":[],"product_cat":[1229,1034,1147,1116,1223],"product_tag":[736,735,738],"class_list":{"0":"post-7963","1":"product","2":"type-product","3":"status-publish","4":"has-post-thumbnail","6":"product_cat-poklon-program","7":"product_cat-poslovni-pokloni","8":"product_cat-vjecni-klasik","9":"product_cat-zdjele-hr-2","10":"product_cat-zdjela-za-voce","11":"product_tag-porocna-darila-hr-2","12":"product_tag-poroka-hr-2","13":"product_tag-your-excellency-hr","15":"first","16":"outofstock","17":"shipping-taxable","18":"purchasable","19":"product-type-simple"},"_links":{"self":[{"href":"https:\/\/steklarna-rogaska.si\/hr\/wp-json\/wp\/v2\/product\/7963","targetHints":{"allow":["GET"]}}],"collection":[{"href":"https:\/\/steklarna-rogaska.si\/hr\/wp-json\/wp\/v2\/product"}],"about":[{"href":"https:\/\/steklarna-rogaska.si\/hr\/wp-json\/wp\/v2\/types\/product"}],"replies":[{"embeddable":true,"href":"https:\/\/steklarna-rogaska.si\/hr\/wp-json\/wp\/v2\/comments?post=7963"}],"wp:featuredmedia":[{"embeddable":true,"href":"https:\/\/steklarna-rogaska.si\/hr\/wp-json\/wp\/v2\/media\/7964"}],"wp:attachment":[{"href":"https:\/\/steklarna-rogaska.si\/hr\/wp-json\/wp\/v2\/media?parent=7963"}],"wp:term":[{"taxonomy":"product_brand","embeddable":true,"href":"https:\/\/steklarna-rogaska.si\/hr\/wp-json\/wp\/v2\/product_brand?post=7963"},{"taxonomy":"product_cat","embeddable":true,"href":"https:\/\/steklarna-rogaska.si\/hr\/wp-json\/wp\/v2\/product_cat?post=7963"},{"taxonomy":"product_tag","embeddable":true,"href":"https:\/\/steklarna-rogaska.si\/hr\/wp-json\/wp\/v2\/product_tag?post=7963"}],"curies":[{"name":"wp","href":"https:\/\/api.w.org\/{rel}","templated":true}]}}