{"id":7951,"date":"2020-05-18T07:30:21","date_gmt":"2020-05-18T07:30:21","guid":{"rendered":"https:\/\/steklarna-rogaska.si\/product\/daphne-zdjela-35-cm\/"},"modified":"2024-10-10T09:34:21","modified_gmt":"2024-10-10T09:34:21","slug":"daphne-zdjela-35-cm","status":"publish","type":"product","link":"https:\/\/steklarna-rogaska.si\/hr\/proizvod\/daphne-zdjela-35-cm\/","title":{"rendered":"DAPHNE zdjela 35 cm"},"content":{"rendered":"<p>vi\u0161ina = 100 mm<br \/>\n\u0161irina = 348 mm<br \/>\nte\u017ea = 4,2 kg<\/p>\n","protected":false},"excerpt":{"rendered":"<p>vi\u0161ina = 100 mm \u0161irina = 348 mm te\u017ea = 4,2 kg<\/p>\n","protected":false},"featured_media":7952,"comment_status":"open","ping_status":"closed","template":"","meta":[],"product_brand":[],"product_cat":[1116,1223],"product_tag":[637,736,735,752],"class_list":{"0":"post-7951","1":"product","2":"type-product","3":"status-publish","4":"has-post-thumbnail","6":"product_cat-zdjele-hr-2","7":"product_cat-zdjela-za-voce","8":"product_tag-daphne-hr","9":"product_tag-porocna-darila-hr-2","10":"product_tag-poroka-hr-2","11":"product_tag-praznicna-darila-hr","13":"first","14":"outofstock","15":"shipping-taxable","16":"purchasable","17":"product-type-simple"},"_links":{"self":[{"href":"https:\/\/steklarna-rogaska.si\/hr\/wp-json\/wp\/v2\/product\/7951","targetHints":{"allow":["GET"]}}],"collection":[{"href":"https:\/\/steklarna-rogaska.si\/hr\/wp-json\/wp\/v2\/product"}],"about":[{"href":"https:\/\/steklarna-rogaska.si\/hr\/wp-json\/wp\/v2\/types\/product"}],"replies":[{"embeddable":true,"href":"https:\/\/steklarna-rogaska.si\/hr\/wp-json\/wp\/v2\/comments?post=7951"}],"wp:featuredmedia":[{"embeddable":true,"href":"https:\/\/steklarna-rogaska.si\/hr\/wp-json\/wp\/v2\/media\/7952"}],"wp:attachment":[{"href":"https:\/\/steklarna-rogaska.si\/hr\/wp-json\/wp\/v2\/media?parent=7951"}],"wp:term":[{"taxonomy":"product_brand","embeddable":true,"href":"https:\/\/steklarna-rogaska.si\/hr\/wp-json\/wp\/v2\/product_brand?post=7951"},{"taxonomy":"product_cat","embeddable":true,"href":"https:\/\/steklarna-rogaska.si\/hr\/wp-json\/wp\/v2\/product_cat?post=7951"},{"taxonomy":"product_tag","embeddable":true,"href":"https:\/\/steklarna-rogaska.si\/hr\/wp-json\/wp\/v2\/product_tag?post=7951"}],"curies":[{"name":"wp","href":"https:\/\/api.w.org\/{rel}","templated":true}]}}