{"id":7947,"date":"2021-10-05T12:51:14","date_gmt":"2021-10-05T12:51:14","guid":{"rendered":"https:\/\/steklarna-rogaska.si\/?post_type=product&#038;p=7947"},"modified":"2024-03-07T06:11:58","modified_gmt":"2024-03-07T06:11:58","slug":"daphne-vaza-33-cm","status":"publish","type":"product","link":"https:\/\/steklarna-rogaska.si\/hr\/proizvod\/daphne-vaza-33-cm\/","title":{"rendered":"DAPHNE vaza 33 cm"},"content":{"rendered":"<p>vi\u0161ina = 330 mm<br \/>\n\u0161irina = 202 mm<br \/>\nte\u017ea = 8,8 kg<\/p>\n","protected":false},"excerpt":{"rendered":"<p>vi\u0161ina = 330 mm \u0161irina = 202 mm te\u017ea = 8,8 kg<\/p>\n","protected":false},"featured_media":7948,"comment_status":"open","ping_status":"open","template":"","meta":[],"product_brand":[],"product_cat":[1159],"product_tag":[637,736,735,752],"class_list":{"0":"post-7947","1":"product","2":"type-product","3":"status-publish","4":"has-post-thumbnail","6":"product_cat-vaze-hr","7":"product_tag-daphne-hr","8":"product_tag-porocna-darila-hr-2","9":"product_tag-poroka-hr-2","10":"product_tag-praznicna-darila-hr","12":"first","13":"outofstock","14":"shipping-taxable","15":"purchasable","16":"product-type-simple"},"_links":{"self":[{"href":"https:\/\/steklarna-rogaska.si\/hr\/wp-json\/wp\/v2\/product\/7947","targetHints":{"allow":["GET"]}}],"collection":[{"href":"https:\/\/steklarna-rogaska.si\/hr\/wp-json\/wp\/v2\/product"}],"about":[{"href":"https:\/\/steklarna-rogaska.si\/hr\/wp-json\/wp\/v2\/types\/product"}],"replies":[{"embeddable":true,"href":"https:\/\/steklarna-rogaska.si\/hr\/wp-json\/wp\/v2\/comments?post=7947"}],"wp:featuredmedia":[{"embeddable":true,"href":"https:\/\/steklarna-rogaska.si\/hr\/wp-json\/wp\/v2\/media\/7948"}],"wp:attachment":[{"href":"https:\/\/steklarna-rogaska.si\/hr\/wp-json\/wp\/v2\/media?parent=7947"}],"wp:term":[{"taxonomy":"product_brand","embeddable":true,"href":"https:\/\/steklarna-rogaska.si\/hr\/wp-json\/wp\/v2\/product_brand?post=7947"},{"taxonomy":"product_cat","embeddable":true,"href":"https:\/\/steklarna-rogaska.si\/hr\/wp-json\/wp\/v2\/product_cat?post=7947"},{"taxonomy":"product_tag","embeddable":true,"href":"https:\/\/steklarna-rogaska.si\/hr\/wp-json\/wp\/v2\/product_tag?post=7947"}],"curies":[{"name":"wp","href":"https:\/\/api.w.org\/{rel}","templated":true}]}}