{"id":7942,"date":"2020-05-18T07:27:51","date_gmt":"2020-05-18T07:27:51","guid":{"rendered":"https:\/\/steklarna-rogaska.si\/product\/remembrance-casa-za-pjenusac-platinum-set-2\/"},"modified":"2024-10-14T19:12:16","modified_gmt":"2024-10-14T19:12:16","slug":"remembrance-casa-za-pjenusac-platinum-set-2","status":"publish","type":"product","link":"https:\/\/steklarna-rogaska.si\/hr\/proizvod\/remembrance-casa-za-pjenusac-platinum-set-2\/","title":{"rendered":"REMEMBRANCE \u010da\u0161a za pjenu\u0161ac platinum &#8211; set 2"},"content":{"rendered":"<p>vi\u0161ina = 280 mm<br \/>\n\u0161irina = 50 mm<br \/>\nte\u017ea = 0,08 kg<\/p>\n","protected":false},"excerpt":{"rendered":"<p>vi\u0161ina = 280 mm \u0161irina = 50 mm te\u017ea = 0,08 kg<\/p>\n","protected":false},"featured_media":7943,"comment_status":"open","ping_status":"closed","template":"","meta":[],"product_brand":[],"product_cat":[1045,1119,1118,1060,1069,559,1068],"product_tag":[736,735,708],"class_list":{"0":"post-7942","1":"product","2":"type-product","3":"status-publish","4":"has-post-thumbnail","6":"product_cat-poklon-za-njega","7":"product_cat-poklon-za-nju","8":"product_cat-poklon-za-vjencanje","9":"product_cat-case","10":"product_cat-case-za-pjenusac","11":"product_cat-sve-za-vino","12":"product_cat-case-za-pjenusac-hr","13":"product_tag-porocna-darila-hr-2","14":"product_tag-poroka-hr-2","15":"product_tag-remembrance-hr","17":"first","18":"instock","19":"shipping-taxable","20":"purchasable","21":"product-type-simple"},"_links":{"self":[{"href":"https:\/\/steklarna-rogaska.si\/hr\/wp-json\/wp\/v2\/product\/7942","targetHints":{"allow":["GET"]}}],"collection":[{"href":"https:\/\/steklarna-rogaska.si\/hr\/wp-json\/wp\/v2\/product"}],"about":[{"href":"https:\/\/steklarna-rogaska.si\/hr\/wp-json\/wp\/v2\/types\/product"}],"replies":[{"embeddable":true,"href":"https:\/\/steklarna-rogaska.si\/hr\/wp-json\/wp\/v2\/comments?post=7942"}],"wp:featuredmedia":[{"embeddable":true,"href":"https:\/\/steklarna-rogaska.si\/hr\/wp-json\/wp\/v2\/media\/7943"}],"wp:attachment":[{"href":"https:\/\/steklarna-rogaska.si\/hr\/wp-json\/wp\/v2\/media?parent=7942"}],"wp:term":[{"taxonomy":"product_brand","embeddable":true,"href":"https:\/\/steklarna-rogaska.si\/hr\/wp-json\/wp\/v2\/product_brand?post=7942"},{"taxonomy":"product_cat","embeddable":true,"href":"https:\/\/steklarna-rogaska.si\/hr\/wp-json\/wp\/v2\/product_cat?post=7942"},{"taxonomy":"product_tag","embeddable":true,"href":"https:\/\/steklarna-rogaska.si\/hr\/wp-json\/wp\/v2\/product_tag?post=7942"}],"curies":[{"name":"wp","href":"https:\/\/api.w.org\/{rel}","templated":true}]}}