{"id":7938,"date":"2020-05-18T07:27:51","date_gmt":"2020-05-18T07:27:51","guid":{"rendered":"https:\/\/steklarna-rogaska.si\/product\/remembrance-casa-za-pjenusac-zlat-set-2\/"},"modified":"2025-01-20T18:08:05","modified_gmt":"2025-01-20T18:08:05","slug":"remembrance-casa-za-pjenusac-zlat-set-2","status":"publish","type":"product","link":"https:\/\/steklarna-rogaska.si\/hr\/proizvod\/remembrance-casa-za-pjenusac-zlat-set-2\/","title":{"rendered":"REMEMBRANCE \u010da\u0161a za pjenu\u0161ac zlat &#8211; set 2"},"content":{"rendered":"<p>vi\u0161ina = 280 mm<br \/>\n\u0161irina = 50 mm<br \/>\nte\u017ea = 0,08 kg<\/p>\n","protected":false},"excerpt":{"rendered":"<p>vi\u0161ina = 280 mm \u0161irina = 50 mm te\u017ea = 0,08 kg<\/p>\n","protected":false},"featured_media":7939,"comment_status":"open","ping_status":"closed","template":"","meta":[],"product_brand":[],"product_cat":[1118,1060,1069,559,1068],"product_tag":[1080,1071,1072,1073,1074,736,735,708],"class_list":{"0":"post-7938","1":"product","2":"type-product","3":"status-publish","4":"has-post-thumbnail","6":"product_cat-poklon-za-vjencanje","7":"product_cat-case","8":"product_cat-case-za-pjenusac","9":"product_cat-sve-za-vino","10":"product_cat-case-za-pjenusac-hr","11":"product_tag-kelih-rogaska-hr","12":"product_tag-kelih-za-penino-hr","13":"product_tag-kozarec-za-penino-hr","14":"product_tag-peninski-kelih-hr","15":"product_tag-peninski-kozarec-hr","16":"product_tag-porocna-darila-hr-2","17":"product_tag-poroka-hr-2","18":"product_tag-remembrance-hr","20":"first","21":"instock","22":"shipping-taxable","23":"purchasable","24":"product-type-simple"},"_links":{"self":[{"href":"https:\/\/steklarna-rogaska.si\/hr\/wp-json\/wp\/v2\/product\/7938","targetHints":{"allow":["GET"]}}],"collection":[{"href":"https:\/\/steklarna-rogaska.si\/hr\/wp-json\/wp\/v2\/product"}],"about":[{"href":"https:\/\/steklarna-rogaska.si\/hr\/wp-json\/wp\/v2\/types\/product"}],"replies":[{"embeddable":true,"href":"https:\/\/steklarna-rogaska.si\/hr\/wp-json\/wp\/v2\/comments?post=7938"}],"wp:featuredmedia":[{"embeddable":true,"href":"https:\/\/steklarna-rogaska.si\/hr\/wp-json\/wp\/v2\/media\/7939"}],"wp:attachment":[{"href":"https:\/\/steklarna-rogaska.si\/hr\/wp-json\/wp\/v2\/media?parent=7938"}],"wp:term":[{"taxonomy":"product_brand","embeddable":true,"href":"https:\/\/steklarna-rogaska.si\/hr\/wp-json\/wp\/v2\/product_brand?post=7938"},{"taxonomy":"product_cat","embeddable":true,"href":"https:\/\/steklarna-rogaska.si\/hr\/wp-json\/wp\/v2\/product_cat?post=7938"},{"taxonomy":"product_tag","embeddable":true,"href":"https:\/\/steklarna-rogaska.si\/hr\/wp-json\/wp\/v2\/product_tag?post=7938"}],"curies":[{"name":"wp","href":"https:\/\/api.w.org\/{rel}","templated":true}]}}