{"id":7930,"date":"2020-05-18T07:28:54","date_gmt":"2020-05-18T07:28:54","guid":{"rendered":"https:\/\/steklarna-rogaska.si\/product\/fresh-boca-23-l\/"},"modified":"2024-03-07T06:08:20","modified_gmt":"2024-03-07T06:08:20","slug":"fresh-boca-23-l","status":"publish","type":"product","link":"https:\/\/steklarna-rogaska.si\/hr\/proizvod\/fresh-boca-23-l\/","title":{"rendered":"FRESH boca 2,3 l"},"content":{"rendered":"<p>vi\u0161ina = 273 mm<br \/>\n\u0161irina = 220 mm<br \/>\nte\u017ea = 1,1 kg<\/p>\n","protected":false},"excerpt":{"rendered":"<p>vi\u0161ina = 273 mm \u0161irina = 220 mm te\u017ea = 1,1 kg<\/p>\n","protected":false},"featured_media":7931,"comment_status":"open","ping_status":"open","template":"","meta":[],"product_brand":[],"product_cat":[1051,1055,1054,1053,559,1057,1050],"product_tag":[655,568,687,570],"class_list":{"0":"post-7930","1":"product","2":"type-product","3":"status-publish","4":"has-post-thumbnail","6":"product_cat-boce-dekanteri-bokali-vrcevi","7":"product_cat-dekanter-za-vino-hr","8":"product_cat-boca-za-vino-hr","9":"product_cat-boca-za-vodu","10":"product_cat-sve-za-vino","11":"product_cat-dekanter-za-vino-hr-2","12":"product_cat-boca-za-vino-hr-hr","13":"product_tag-fresh-hr-2","14":"product_tag-za-dekantiranje-hr","15":"product_tag-za-vino-hr-2","16":"product_tag-za-vodu","18":"first","19":"instock","20":"shipping-taxable","21":"purchasable","22":"product-type-simple"},"_links":{"self":[{"href":"https:\/\/steklarna-rogaska.si\/hr\/wp-json\/wp\/v2\/product\/7930","targetHints":{"allow":["GET"]}}],"collection":[{"href":"https:\/\/steklarna-rogaska.si\/hr\/wp-json\/wp\/v2\/product"}],"about":[{"href":"https:\/\/steklarna-rogaska.si\/hr\/wp-json\/wp\/v2\/types\/product"}],"replies":[{"embeddable":true,"href":"https:\/\/steklarna-rogaska.si\/hr\/wp-json\/wp\/v2\/comments?post=7930"}],"wp:featuredmedia":[{"embeddable":true,"href":"https:\/\/steklarna-rogaska.si\/hr\/wp-json\/wp\/v2\/media\/7931"}],"wp:attachment":[{"href":"https:\/\/steklarna-rogaska.si\/hr\/wp-json\/wp\/v2\/media?parent=7930"}],"wp:term":[{"taxonomy":"product_brand","embeddable":true,"href":"https:\/\/steklarna-rogaska.si\/hr\/wp-json\/wp\/v2\/product_brand?post=7930"},{"taxonomy":"product_cat","embeddable":true,"href":"https:\/\/steklarna-rogaska.si\/hr\/wp-json\/wp\/v2\/product_cat?post=7930"},{"taxonomy":"product_tag","embeddable":true,"href":"https:\/\/steklarna-rogaska.si\/hr\/wp-json\/wp\/v2\/product_tag?post=7930"}],"curies":[{"name":"wp","href":"https:\/\/api.w.org\/{rel}","templated":true}]}}