{"id":7928,"date":"2020-05-18T07:28:54","date_gmt":"2020-05-18T07:28:54","guid":{"rendered":"https:\/\/steklarna-rogaska.si\/product\/fresh-vrc-15-l\/"},"modified":"2024-03-07T06:08:19","modified_gmt":"2024-03-07T06:08:19","slug":"fresh-vrc-15-l","status":"publish","type":"product","link":"https:\/\/steklarna-rogaska.si\/hr\/proizvod\/fresh-vrc-15-l\/","title":{"rendered":"FRESH vr\u010d 1,5 l"},"content":{"rendered":"<p>vi\u0161ina = 264 mm<br \/>\n\u0161irina = 150 mm<br \/>\nte\u017ea = 0,9 kg<\/p>\n","protected":false},"excerpt":{"rendered":"<p>vi\u0161ina = 264 mm \u0161irina = 150 mm te\u017ea = 0,9 kg<\/p>\n","protected":false},"featured_media":7929,"comment_status":"open","ping_status":"open","template":"","meta":[],"product_brand":[],"product_cat":[1229,1034,1041,1051,1102,559],"product_tag":[655,568,687,570],"class_list":{"0":"post-7928","1":"product","2":"type-product","3":"status-publish","4":"has-post-thumbnail","6":"product_cat-poklon-program","7":"product_cat-poslovni-pokloni","8":"product_cat-bozicna-ponuda","9":"product_cat-boce-dekanteri-bokali-vrcevi","10":"product_cat-vrc-hr","11":"product_cat-sve-za-vino","12":"product_tag-fresh-hr-2","13":"product_tag-za-dekantiranje-hr","14":"product_tag-za-vino-hr-2","15":"product_tag-za-vodu","17":"first","18":"instock","19":"shipping-taxable","20":"purchasable","21":"product-type-simple"},"_links":{"self":[{"href":"https:\/\/steklarna-rogaska.si\/hr\/wp-json\/wp\/v2\/product\/7928","targetHints":{"allow":["GET"]}}],"collection":[{"href":"https:\/\/steklarna-rogaska.si\/hr\/wp-json\/wp\/v2\/product"}],"about":[{"href":"https:\/\/steklarna-rogaska.si\/hr\/wp-json\/wp\/v2\/types\/product"}],"replies":[{"embeddable":true,"href":"https:\/\/steklarna-rogaska.si\/hr\/wp-json\/wp\/v2\/comments?post=7928"}],"wp:featuredmedia":[{"embeddable":true,"href":"https:\/\/steklarna-rogaska.si\/hr\/wp-json\/wp\/v2\/media\/7929"}],"wp:attachment":[{"href":"https:\/\/steklarna-rogaska.si\/hr\/wp-json\/wp\/v2\/media?parent=7928"}],"wp:term":[{"taxonomy":"product_brand","embeddable":true,"href":"https:\/\/steklarna-rogaska.si\/hr\/wp-json\/wp\/v2\/product_brand?post=7928"},{"taxonomy":"product_cat","embeddable":true,"href":"https:\/\/steklarna-rogaska.si\/hr\/wp-json\/wp\/v2\/product_cat?post=7928"},{"taxonomy":"product_tag","embeddable":true,"href":"https:\/\/steklarna-rogaska.si\/hr\/wp-json\/wp\/v2\/product_tag?post=7928"}],"curies":[{"name":"wp","href":"https:\/\/api.w.org\/{rel}","templated":true}]}}