{"id":7926,"date":"2020-05-18T07:30:20","date_gmt":"2020-05-18T07:30:20","guid":{"rendered":"https:\/\/steklarna-rogaska.si\/product\/fresh-pehar-za-bijelo-vino-set-2\/"},"modified":"2024-03-07T06:08:08","modified_gmt":"2024-03-07T06:08:08","slug":"fresh-pehar-za-bijelo-vino-set-2","status":"publish","type":"product","link":"https:\/\/steklarna-rogaska.si\/hr\/proizvod\/fresh-pehar-za-bijelo-vino-set-2\/","title":{"rendered":"FRESH \u010da\u0161a za bijelo vino &#8211; set 2"},"content":{"rendered":"<p>vi\u0161ina = 190 mm<br \/>\n\u0161irina = 82 mm<br \/>\nte\u017ea = 0,2 kg<\/p>\n","protected":false},"excerpt":{"rendered":"<p>vi\u0161ina = 190 mm \u0161irina = 82 mm te\u017ea = 0,2 kg<\/p>\n","protected":false},"featured_media":7927,"comment_status":"open","ping_status":"open","template":"","meta":[],"product_brand":[],"product_cat":[1078,559,1077],"product_tag":[655,1080,1079,1115,567],"class_list":{"0":"post-7926","1":"product","2":"type-product","3":"status-publish","4":"has-post-thumbnail","6":"product_cat-case-za-vino","7":"product_cat-sve-za-vino","8":"product_cat-case-za-vino-hr","9":"product_tag-fresh-hr-2","10":"product_tag-kelih-rogaska-hr","11":"product_tag-kozarec-za-vino-hr","12":"product_tag-vinski-kelih-hr","13":"product_tag-za-bijelo-vino","15":"first","16":"instock","17":"shipping-taxable","18":"purchasable","19":"product-type-simple"},"_links":{"self":[{"href":"https:\/\/steklarna-rogaska.si\/hr\/wp-json\/wp\/v2\/product\/7926","targetHints":{"allow":["GET"]}}],"collection":[{"href":"https:\/\/steklarna-rogaska.si\/hr\/wp-json\/wp\/v2\/product"}],"about":[{"href":"https:\/\/steklarna-rogaska.si\/hr\/wp-json\/wp\/v2\/types\/product"}],"replies":[{"embeddable":true,"href":"https:\/\/steklarna-rogaska.si\/hr\/wp-json\/wp\/v2\/comments?post=7926"}],"wp:featuredmedia":[{"embeddable":true,"href":"https:\/\/steklarna-rogaska.si\/hr\/wp-json\/wp\/v2\/media\/7927"}],"wp:attachment":[{"href":"https:\/\/steklarna-rogaska.si\/hr\/wp-json\/wp\/v2\/media?parent=7926"}],"wp:term":[{"taxonomy":"product_brand","embeddable":true,"href":"https:\/\/steklarna-rogaska.si\/hr\/wp-json\/wp\/v2\/product_brand?post=7926"},{"taxonomy":"product_cat","embeddable":true,"href":"https:\/\/steklarna-rogaska.si\/hr\/wp-json\/wp\/v2\/product_cat?post=7926"},{"taxonomy":"product_tag","embeddable":true,"href":"https:\/\/steklarna-rogaska.si\/hr\/wp-json\/wp\/v2\/product_tag?post=7926"}],"curies":[{"name":"wp","href":"https:\/\/api.w.org\/{rel}","templated":true}]}}