{"id":7924,"date":"2020-05-18T07:30:20","date_gmt":"2020-05-18T07:30:20","guid":{"rendered":"https:\/\/steklarna-rogaska.si\/product\/fresh-pehar-za-pjenusac-set-2\/"},"modified":"2024-03-07T06:08:08","modified_gmt":"2024-03-07T06:08:08","slug":"fresh-pehar-za-pjenusac-set-2","status":"publish","type":"product","link":"https:\/\/steklarna-rogaska.si\/hr\/proizvod\/fresh-pehar-za-pjenusac-set-2\/","title":{"rendered":"FRESH \u010da\u0161a za pjenu\u0161ac &#8211; set 2"},"content":{"rendered":"<p>vi\u0161ina = 245 mm<br \/>\n\u0161irina = 53 mm<br \/>\nte\u017ea = 0,2 kg<\/p>\n","protected":false},"excerpt":{"rendered":"<p>vi\u0161ina = 245 mm \u0161irina = 53 mm te\u017ea = 0,2 kg<\/p>\n","protected":false},"featured_media":7925,"comment_status":"open","ping_status":"open","template":"","meta":[],"product_brand":[],"product_cat":[1060,1069,559,1068],"product_tag":[655,1080,1071,1072,1073,1074,564],"class_list":{"0":"post-7924","1":"product","2":"type-product","3":"status-publish","4":"has-post-thumbnail","6":"product_cat-case","7":"product_cat-case-za-pjenusac","8":"product_cat-sve-za-vino","9":"product_cat-case-za-pjenusac-hr","10":"product_tag-fresh-hr-2","11":"product_tag-kelih-rogaska-hr","12":"product_tag-kelih-za-penino-hr","13":"product_tag-kozarec-za-penino-hr","14":"product_tag-peninski-kelih-hr","15":"product_tag-peninski-kozarec-hr","16":"product_tag-za-pjenusac","18":"first","19":"instock","20":"shipping-taxable","21":"purchasable","22":"product-type-simple"},"_links":{"self":[{"href":"https:\/\/steklarna-rogaska.si\/hr\/wp-json\/wp\/v2\/product\/7924","targetHints":{"allow":["GET"]}}],"collection":[{"href":"https:\/\/steklarna-rogaska.si\/hr\/wp-json\/wp\/v2\/product"}],"about":[{"href":"https:\/\/steklarna-rogaska.si\/hr\/wp-json\/wp\/v2\/types\/product"}],"replies":[{"embeddable":true,"href":"https:\/\/steklarna-rogaska.si\/hr\/wp-json\/wp\/v2\/comments?post=7924"}],"wp:featuredmedia":[{"embeddable":true,"href":"https:\/\/steklarna-rogaska.si\/hr\/wp-json\/wp\/v2\/media\/7925"}],"wp:attachment":[{"href":"https:\/\/steklarna-rogaska.si\/hr\/wp-json\/wp\/v2\/media?parent=7924"}],"wp:term":[{"taxonomy":"product_brand","embeddable":true,"href":"https:\/\/steklarna-rogaska.si\/hr\/wp-json\/wp\/v2\/product_brand?post=7924"},{"taxonomy":"product_cat","embeddable":true,"href":"https:\/\/steklarna-rogaska.si\/hr\/wp-json\/wp\/v2\/product_cat?post=7924"},{"taxonomy":"product_tag","embeddable":true,"href":"https:\/\/steklarna-rogaska.si\/hr\/wp-json\/wp\/v2\/product_tag?post=7924"}],"curies":[{"name":"wp","href":"https:\/\/api.w.org\/{rel}","templated":true}]}}