{"id":7920,"date":"2020-05-18T07:28:54","date_gmt":"2020-05-18T07:28:54","guid":{"rendered":"https:\/\/steklarna-rogaska.si\/product\/fresh-pehar-za-crveno-vino-set-2\/"},"modified":"2024-03-07T06:08:13","modified_gmt":"2024-03-07T06:08:13","slug":"fresh-pehar-za-crveno-vino-set-2","status":"publish","type":"product","link":"https:\/\/steklarna-rogaska.si\/hr\/proizvod\/fresh-pehar-za-crveno-vino-set-2\/","title":{"rendered":"FRESH \u010da\u0161a za crveno vino &#8211; set 2"},"content":{"rendered":"<p>vi\u0161ina = 215 mm<br \/>\n\u0161irina = 97 mm<br \/>\nte\u017ea = 0,3 kg<\/p>\n","protected":false},"excerpt":{"rendered":"<p>vi\u0161ina = 215 mm \u0161irina = 97 mm te\u017ea = 0,3 kg<\/p>\n","protected":false},"featured_media":7921,"comment_status":"open","ping_status":"open","template":"","meta":[],"product_brand":[],"product_cat":[1060,1078,559,1077],"product_tag":[655,1080,1079,1115,566],"class_list":{"0":"post-7920","1":"product","2":"type-product","3":"status-publish","4":"has-post-thumbnail","6":"product_cat-case","7":"product_cat-case-za-vino","8":"product_cat-sve-za-vino","9":"product_cat-case-za-vino-hr","10":"product_tag-fresh-hr-2","11":"product_tag-kelih-rogaska-hr","12":"product_tag-kozarec-za-vino-hr","13":"product_tag-vinski-kelih-hr","14":"product_tag-za-crveno-vino","16":"first","17":"instock","18":"shipping-taxable","19":"purchasable","20":"product-type-simple"},"_links":{"self":[{"href":"https:\/\/steklarna-rogaska.si\/hr\/wp-json\/wp\/v2\/product\/7920","targetHints":{"allow":["GET"]}}],"collection":[{"href":"https:\/\/steklarna-rogaska.si\/hr\/wp-json\/wp\/v2\/product"}],"about":[{"href":"https:\/\/steklarna-rogaska.si\/hr\/wp-json\/wp\/v2\/types\/product"}],"replies":[{"embeddable":true,"href":"https:\/\/steklarna-rogaska.si\/hr\/wp-json\/wp\/v2\/comments?post=7920"}],"wp:featuredmedia":[{"embeddable":true,"href":"https:\/\/steklarna-rogaska.si\/hr\/wp-json\/wp\/v2\/media\/7921"}],"wp:attachment":[{"href":"https:\/\/steklarna-rogaska.si\/hr\/wp-json\/wp\/v2\/media?parent=7920"}],"wp:term":[{"taxonomy":"product_brand","embeddable":true,"href":"https:\/\/steklarna-rogaska.si\/hr\/wp-json\/wp\/v2\/product_brand?post=7920"},{"taxonomy":"product_cat","embeddable":true,"href":"https:\/\/steklarna-rogaska.si\/hr\/wp-json\/wp\/v2\/product_cat?post=7920"},{"taxonomy":"product_tag","embeddable":true,"href":"https:\/\/steklarna-rogaska.si\/hr\/wp-json\/wp\/v2\/product_tag?post=7920"}],"curies":[{"name":"wp","href":"https:\/\/api.w.org\/{rel}","templated":true}]}}