{"id":7918,"date":"2020-05-18T07:30:20","date_gmt":"2020-05-18T07:30:20","guid":{"rendered":"https:\/\/steklarna-rogaska.si\/product\/fresh-casa-za-vodu-set-2\/"},"modified":"2024-03-07T06:08:08","modified_gmt":"2024-03-07T06:08:08","slug":"fresh-casa-za-vodu-set-2","status":"publish","type":"product","link":"https:\/\/steklarna-rogaska.si\/hr\/proizvod\/fresh-casa-za-vodu-set-2\/","title":{"rendered":"FRESH \u010da\u0161a za vodu &#8211; set 2"},"content":{"rendered":"<p>vi\u0161ina = 100 mm<br \/>\n\u0161irina = 93 mm<br \/>\nte\u017ea = 0,3 kg<\/p>\n","protected":false},"excerpt":{"rendered":"<p>vi\u0161ina = 100 mm \u0161irina = 93 mm te\u017ea = 0,3 kg<\/p>\n","protected":false},"featured_media":7919,"comment_status":"open","ping_status":"open","template":"","meta":[],"product_brand":[],"product_cat":[537,1065,1229,1035,1034,1041,1060,1067,559,561],"product_tag":[655,570],"class_list":{"0":"post-7918","1":"product","2":"type-product","3":"status-publish","4":"has-post-thumbnail","6":"product_cat-pribor-za-bar","7":"product_cat-case-za-gin-hr","8":"product_cat-poklon-program","9":"product_cat-mali-pokloni","10":"product_cat-poslovni-pokloni","11":"product_cat-bozicna-ponuda","12":"product_cat-case","13":"product_cat-case-za-vodo","14":"product_cat-sve-za-vino","15":"product_cat-case-za-vodu","16":"product_tag-fresh-hr-2","17":"product_tag-za-vodu","19":"first","20":"instock","21":"shipping-taxable","22":"purchasable","23":"product-type-simple"},"_links":{"self":[{"href":"https:\/\/steklarna-rogaska.si\/hr\/wp-json\/wp\/v2\/product\/7918","targetHints":{"allow":["GET"]}}],"collection":[{"href":"https:\/\/steklarna-rogaska.si\/hr\/wp-json\/wp\/v2\/product"}],"about":[{"href":"https:\/\/steklarna-rogaska.si\/hr\/wp-json\/wp\/v2\/types\/product"}],"replies":[{"embeddable":true,"href":"https:\/\/steklarna-rogaska.si\/hr\/wp-json\/wp\/v2\/comments?post=7918"}],"wp:featuredmedia":[{"embeddable":true,"href":"https:\/\/steklarna-rogaska.si\/hr\/wp-json\/wp\/v2\/media\/7919"}],"wp:attachment":[{"href":"https:\/\/steklarna-rogaska.si\/hr\/wp-json\/wp\/v2\/media?parent=7918"}],"wp:term":[{"taxonomy":"product_brand","embeddable":true,"href":"https:\/\/steklarna-rogaska.si\/hr\/wp-json\/wp\/v2\/product_brand?post=7918"},{"taxonomy":"product_cat","embeddable":true,"href":"https:\/\/steklarna-rogaska.si\/hr\/wp-json\/wp\/v2\/product_cat?post=7918"},{"taxonomy":"product_tag","embeddable":true,"href":"https:\/\/steklarna-rogaska.si\/hr\/wp-json\/wp\/v2\/product_tag?post=7918"}],"curies":[{"name":"wp","href":"https:\/\/api.w.org\/{rel}","templated":true}]}}