{"id":7883,"date":"2019-12-28T09:20:03","date_gmt":"2019-12-28T09:20:03","guid":{"rendered":"https:\/\/steklarna-rogaska.si\/product\/aurea-pehar-za-pjenusac-set-2\/"},"modified":"2024-10-12T04:01:55","modified_gmt":"2024-10-12T04:01:55","slug":"aurea-pehar-za-pjenusac-set-2","status":"publish","type":"product","link":"https:\/\/steklarna-rogaska.si\/hr\/proizvod\/aurea-pehar-za-pjenusac-set-2\/","title":{"rendered":"AUREA \u010da\u0161a za pjenu\u0161ac &#8211; set 2"},"content":{"rendered":"<p>visina = 292 mm<br \/>\n\u0161irina = 66 mm<br \/>\nvol. &#8211; 250 ml<br \/>\nte\u017eina = 0.1 kg<\/p>\n","protected":false},"excerpt":{"rendered":"<p>visina = 292 mm \u0161irina = 66 mm vol. &#8211; 250 ml te\u017eina = 0.1 kg<\/p>\n","protected":false},"featured_media":7884,"comment_status":"closed","ping_status":"closed","template":"","meta":[],"product_brand":[],"product_cat":[1229,1118,1034,1041,1060,1069,559,1068],"product_tag":[593,746,750,753,564],"class_list":{"0":"post-7883","1":"product","2":"type-product","3":"status-publish","4":"has-post-thumbnail","6":"product_cat-poklon-program","7":"product_cat-poklon-za-vjencanje","8":"product_cat-poslovni-pokloni","9":"product_cat-bozicna-ponuda","10":"product_cat-case","11":"product_cat-case-za-pjenusac","12":"product_cat-sve-za-vino","13":"product_cat-case-za-pjenusac-hr","14":"product_tag-aurea-hr","15":"product_tag-mehurcki-hr","16":"product_tag-posebne-priloznosti-hr","17":"product_tag-praznovanje-hr","18":"product_tag-za-pjenusac","20":"first","21":"instock","22":"shipping-taxable","23":"purchasable","24":"product-type-simple"},"_links":{"self":[{"href":"https:\/\/steklarna-rogaska.si\/hr\/wp-json\/wp\/v2\/product\/7883","targetHints":{"allow":["GET"]}}],"collection":[{"href":"https:\/\/steklarna-rogaska.si\/hr\/wp-json\/wp\/v2\/product"}],"about":[{"href":"https:\/\/steklarna-rogaska.si\/hr\/wp-json\/wp\/v2\/types\/product"}],"replies":[{"embeddable":true,"href":"https:\/\/steklarna-rogaska.si\/hr\/wp-json\/wp\/v2\/comments?post=7883"}],"wp:featuredmedia":[{"embeddable":true,"href":"https:\/\/steklarna-rogaska.si\/hr\/wp-json\/wp\/v2\/media\/7884"}],"wp:attachment":[{"href":"https:\/\/steklarna-rogaska.si\/hr\/wp-json\/wp\/v2\/media?parent=7883"}],"wp:term":[{"taxonomy":"product_brand","embeddable":true,"href":"https:\/\/steklarna-rogaska.si\/hr\/wp-json\/wp\/v2\/product_brand?post=7883"},{"taxonomy":"product_cat","embeddable":true,"href":"https:\/\/steklarna-rogaska.si\/hr\/wp-json\/wp\/v2\/product_cat?post=7883"},{"taxonomy":"product_tag","embeddable":true,"href":"https:\/\/steklarna-rogaska.si\/hr\/wp-json\/wp\/v2\/product_tag?post=7883"}],"curies":[{"name":"wp","href":"https:\/\/api.w.org\/{rel}","templated":true}]}}