{"id":7865,"date":"2019-12-28T09:19:40","date_gmt":"2019-12-28T09:19:40","guid":{"rendered":"https:\/\/steklarna-rogaska.si\/product\/aulide-gold-pehar-za-ledeni-caj-set-2\/"},"modified":"2024-10-12T04:02:07","modified_gmt":"2024-10-12T04:02:07","slug":"aulide-gold-pehar-za-ledeni-caj-set-2","status":"publish","type":"product","link":"https:\/\/steklarna-rogaska.si\/hr\/proizvod\/aulide-gold-pehar-za-ledeni-caj-set-2\/","title":{"rendered":"AULIDE GOLD \u010da\u0161a za ledeni \u010daj &#8211; set 2"},"content":{"rendered":"<p>visina = 209 mm<br \/>\n\u0161irina = 87 mm<br \/>\nte\u017eina = 0.4 kg<\/p>\n","protected":false},"excerpt":{"rendered":"<p>visina = 209 mm \u0161irina = 87 mm te\u017eina = 0.4 kg<\/p>\n","protected":false},"featured_media":7866,"comment_status":"closed","ping_status":"closed","template":"","meta":[],"product_brand":[],"product_cat":[1060,1084],"product_tag":[591,753,764,569],"class_list":{"0":"post-7865","1":"product","2":"type-product","3":"status-publish","4":"has-post-thumbnail","6":"product_cat-case","7":"product_cat-case-za-sok","8":"product_tag-aulide-gold-hr","9":"product_tag-praznovanje-hr","10":"product_tag-za-ledeni-caj-hr","11":"product_tag-za-mesane-pijace-hr","13":"first","14":"outofstock","15":"shipping-taxable","16":"purchasable","17":"product-type-simple"},"_links":{"self":[{"href":"https:\/\/steklarna-rogaska.si\/hr\/wp-json\/wp\/v2\/product\/7865","targetHints":{"allow":["GET"]}}],"collection":[{"href":"https:\/\/steklarna-rogaska.si\/hr\/wp-json\/wp\/v2\/product"}],"about":[{"href":"https:\/\/steklarna-rogaska.si\/hr\/wp-json\/wp\/v2\/types\/product"}],"replies":[{"embeddable":true,"href":"https:\/\/steklarna-rogaska.si\/hr\/wp-json\/wp\/v2\/comments?post=7865"}],"wp:featuredmedia":[{"embeddable":true,"href":"https:\/\/steklarna-rogaska.si\/hr\/wp-json\/wp\/v2\/media\/7866"}],"wp:attachment":[{"href":"https:\/\/steklarna-rogaska.si\/hr\/wp-json\/wp\/v2\/media?parent=7865"}],"wp:term":[{"taxonomy":"product_brand","embeddable":true,"href":"https:\/\/steklarna-rogaska.si\/hr\/wp-json\/wp\/v2\/product_brand?post=7865"},{"taxonomy":"product_cat","embeddable":true,"href":"https:\/\/steklarna-rogaska.si\/hr\/wp-json\/wp\/v2\/product_cat?post=7865"},{"taxonomy":"product_tag","embeddable":true,"href":"https:\/\/steklarna-rogaska.si\/hr\/wp-json\/wp\/v2\/product_tag?post=7865"}],"curies":[{"name":"wp","href":"https:\/\/api.w.org\/{rel}","templated":true}]}}