{"id":7855,"date":"2019-12-28T09:19:39","date_gmt":"2019-12-28T09:19:39","guid":{"rendered":"https:\/\/steklarna-rogaska.si\/product\/aulide-gold-pehar-za-pjenusac-set-2\/"},"modified":"2024-06-10T09:21:36","modified_gmt":"2024-06-10T09:21:36","slug":"aulide-gold-pehar-za-pjenusac-set-2","status":"publish","type":"product","link":"https:\/\/steklarna-rogaska.si\/hr\/proizvod\/aulide-gold-pehar-za-pjenusac-set-2\/","title":{"rendered":"AULIDE GOLD \u010da\u0161a za pjenu\u0161ac &#8211; set 2"},"content":{"rendered":"<p>visina = 226 mm<br \/>\n\u0161irina = 63 mm<br \/>\nte\u017eina = 0.3 kg<\/p>\n","protected":false},"excerpt":{"rendered":"<p>visina = 226 mm \u0161irina = 63 mm te\u017eina = 0.3 kg<\/p>\n","protected":false},"featured_media":7856,"comment_status":"closed","ping_status":"closed","template":"","meta":[],"product_brand":[],"product_cat":[1118,1069,559,1068],"product_tag":[591,745,736,735,753],"class_list":{"0":"post-7855","1":"product","2":"type-product","3":"status-publish","4":"has-post-thumbnail","6":"product_cat-poklon-za-vjencanje","7":"product_cat-case-za-pjenusac","8":"product_cat-sve-za-vino","9":"product_cat-case-za-pjenusac-hr","10":"product_tag-aulide-gold-hr","11":"product_tag-krst-hr","12":"product_tag-porocna-darila-hr-2","13":"product_tag-poroka-hr-2","14":"product_tag-praznovanje-hr","16":"first","17":"instock","18":"shipping-taxable","19":"purchasable","20":"product-type-simple"},"_links":{"self":[{"href":"https:\/\/steklarna-rogaska.si\/hr\/wp-json\/wp\/v2\/product\/7855","targetHints":{"allow":["GET"]}}],"collection":[{"href":"https:\/\/steklarna-rogaska.si\/hr\/wp-json\/wp\/v2\/product"}],"about":[{"href":"https:\/\/steklarna-rogaska.si\/hr\/wp-json\/wp\/v2\/types\/product"}],"replies":[{"embeddable":true,"href":"https:\/\/steklarna-rogaska.si\/hr\/wp-json\/wp\/v2\/comments?post=7855"}],"wp:featuredmedia":[{"embeddable":true,"href":"https:\/\/steklarna-rogaska.si\/hr\/wp-json\/wp\/v2\/media\/7856"}],"wp:attachment":[{"href":"https:\/\/steklarna-rogaska.si\/hr\/wp-json\/wp\/v2\/media?parent=7855"}],"wp:term":[{"taxonomy":"product_brand","embeddable":true,"href":"https:\/\/steklarna-rogaska.si\/hr\/wp-json\/wp\/v2\/product_brand?post=7855"},{"taxonomy":"product_cat","embeddable":true,"href":"https:\/\/steklarna-rogaska.si\/hr\/wp-json\/wp\/v2\/product_cat?post=7855"},{"taxonomy":"product_tag","embeddable":true,"href":"https:\/\/steklarna-rogaska.si\/hr\/wp-json\/wp\/v2\/product_tag?post=7855"}],"curies":[{"name":"wp","href":"https:\/\/api.w.org\/{rel}","templated":true}]}}