{"id":7790,"date":"2025-05-15T15:18:52","date_gmt":"2025-05-15T15:18:52","guid":{"rendered":"https:\/\/steklarna-rogaska.si\/product\/amphora-zdjela-25-cm-2\/"},"modified":"2025-06-16T19:42:24","modified_gmt":"2025-06-16T19:42:24","slug":"amphora-zdjela-25-cm-2","status":"publish","type":"product","link":"https:\/\/steklarna-rogaska.si\/hr\/proizvod\/amphora-zdjela-25-cm-2\/","title":{"rendered":"ZDJELA 25 CM &#8211; AMFORA ZLATNA &#8211; komad"},"content":{"rendered":"<div class=\"gumb\">\n<div>\n<p>visina = 191 mm<\/p>\n<p> \u0161irina = 250 mm<\/p>\n<p> te\u017eina = 2,5 kg<\/p>\n<\/div>\n<div><\/div>\n<div><\/div>\n<\/div>\n","protected":false},"excerpt":{"rendered":"<p>Bezvremenski klasik kojem ne mo\u017eemo odoljeti. Kombinira tradicionalni oblik i najblistaviju vrstu reza, oboga\u0107en je 18-karatnim zlatom, a neobi\u010dan izrez na vrhu dodaje zavr\u0161ni dodir. Za sve ljubitelje bezvremenske elegancije, serija \u0107e biti dobrodo\u0161ao dodatak i modernim i klasi\u010dnim okru\u017eenjima. Zbog svoje rasko\u0161i i bogate pozlate, \u010dini se i prikladnim izborom za protokolarne i poslovne darove.<\/p>\n","protected":false},"featured_media":7791,"comment_status":"closed","ping_status":"closed","template":"","meta":[],"product_brand":[],"product_cat":[1229,1034,1116,1223],"product_tag":[582],"class_list":{"0":"post-7790","1":"product","2":"type-product","3":"status-publish","4":"has-post-thumbnail","6":"product_cat-poklon-program","7":"product_cat-poslovni-pokloni","8":"product_cat-zdjele-hr-2","9":"product_cat-zdjela-za-voce","10":"product_tag-amphora-hr-2","12":"first","13":"instock","14":"shipping-taxable","15":"purchasable","16":"product-type-simple"},"_links":{"self":[{"href":"https:\/\/steklarna-rogaska.si\/hr\/wp-json\/wp\/v2\/product\/7790","targetHints":{"allow":["GET"]}}],"collection":[{"href":"https:\/\/steklarna-rogaska.si\/hr\/wp-json\/wp\/v2\/product"}],"about":[{"href":"https:\/\/steklarna-rogaska.si\/hr\/wp-json\/wp\/v2\/types\/product"}],"replies":[{"embeddable":true,"href":"https:\/\/steklarna-rogaska.si\/hr\/wp-json\/wp\/v2\/comments?post=7790"}],"wp:featuredmedia":[{"embeddable":true,"href":"https:\/\/steklarna-rogaska.si\/hr\/wp-json\/wp\/v2\/media\/7791"}],"wp:attachment":[{"href":"https:\/\/steklarna-rogaska.si\/hr\/wp-json\/wp\/v2\/media?parent=7790"}],"wp:term":[{"taxonomy":"product_brand","embeddable":true,"href":"https:\/\/steklarna-rogaska.si\/hr\/wp-json\/wp\/v2\/product_brand?post=7790"},{"taxonomy":"product_cat","embeddable":true,"href":"https:\/\/steklarna-rogaska.si\/hr\/wp-json\/wp\/v2\/product_cat?post=7790"},{"taxonomy":"product_tag","embeddable":true,"href":"https:\/\/steklarna-rogaska.si\/hr\/wp-json\/wp\/v2\/product_tag?post=7790"}],"curies":[{"name":"wp","href":"https:\/\/api.w.org\/{rel}","templated":true}]}}