{"id":7788,"date":"2025-05-15T14:18:52","date_gmt":"2025-05-15T14:18:52","guid":{"rendered":"https:\/\/steklarna-rogaska.si\/product\/amphora-vaza-33-cm-3\/"},"modified":"2025-06-16T19:42:29","modified_gmt":"2025-06-16T19:42:29","slug":"amphora-vaza-33-cm-3","status":"publish","type":"product","link":"https:\/\/steklarna-rogaska.si\/hr\/proizvod\/amphora-vaza-33-cm-3\/","title":{"rendered":"VAZA 33 CM &#8211; AMFORA ZLATNA &#8211; kom"},"content":{"rendered":"<div class=\"gumb\">\n<div>\n<p>visina = 332 mm<\/p>\n<p> \u0161irina = 206 mm<\/p>\n<p> te\u017eina = 3,1 kg<\/p>\n<\/div>\n<div><\/div>\n<div><\/div>\n<\/div>\n","protected":false},"excerpt":{"rendered":"<p>Bezvremenski klasik kojem ne mo\u017eemo odoljeti. Kombinira tradicionalni oblik i najblistaviju vrstu reza, oboga\u0107en je 18-karatnim zlatom, a neobi\u010dan izrez na vrhu dodaje zavr\u0161ni dodir. Za sve ljubitelje bezvremenske elegancije, serija \u0107e biti dobrodo\u0161ao dodatak i modernim i klasi\u010dnim okru\u017eenjima. Zbog svoje rasko\u0161i i bogate pozlate, \u010dini se i prikladnim izborom za protokolarne i poslovne darove.<\/p>\n","protected":false},"featured_media":7789,"comment_status":"closed","ping_status":"closed","template":"","meta":[],"product_brand":[],"product_cat":[1159],"product_tag":[582],"class_list":{"0":"post-7788","1":"product","2":"type-product","3":"status-publish","4":"has-post-thumbnail","6":"product_cat-vaze-hr","7":"product_tag-amphora-hr-2","9":"first","10":"instock","11":"shipping-taxable","12":"purchasable","13":"product-type-simple"},"_links":{"self":[{"href":"https:\/\/steklarna-rogaska.si\/hr\/wp-json\/wp\/v2\/product\/7788","targetHints":{"allow":["GET"]}}],"collection":[{"href":"https:\/\/steklarna-rogaska.si\/hr\/wp-json\/wp\/v2\/product"}],"about":[{"href":"https:\/\/steklarna-rogaska.si\/hr\/wp-json\/wp\/v2\/types\/product"}],"replies":[{"embeddable":true,"href":"https:\/\/steklarna-rogaska.si\/hr\/wp-json\/wp\/v2\/comments?post=7788"}],"wp:featuredmedia":[{"embeddable":true,"href":"https:\/\/steklarna-rogaska.si\/hr\/wp-json\/wp\/v2\/media\/7789"}],"wp:attachment":[{"href":"https:\/\/steklarna-rogaska.si\/hr\/wp-json\/wp\/v2\/media?parent=7788"}],"wp:term":[{"taxonomy":"product_brand","embeddable":true,"href":"https:\/\/steklarna-rogaska.si\/hr\/wp-json\/wp\/v2\/product_brand?post=7788"},{"taxonomy":"product_cat","embeddable":true,"href":"https:\/\/steklarna-rogaska.si\/hr\/wp-json\/wp\/v2\/product_cat?post=7788"},{"taxonomy":"product_tag","embeddable":true,"href":"https:\/\/steklarna-rogaska.si\/hr\/wp-json\/wp\/v2\/product_tag?post=7788"}],"curies":[{"name":"wp","href":"https:\/\/api.w.org\/{rel}","templated":true}]}}