{"id":7775,"date":"2020-05-18T07:30:21","date_gmt":"2020-05-18T07:30:21","guid":{"rendered":"https:\/\/steklarna-rogaska.si\/product\/spring-zdjela-12-cm\/"},"modified":"2024-10-10T09:34:11","modified_gmt":"2024-10-10T09:34:11","slug":"spring-zdjela-12-cm","status":"publish","type":"product","link":"https:\/\/steklarna-rogaska.si\/hr\/proizvod\/spring-zdjela-12-cm\/","title":{"rendered":"SPRING zdjela 12 cm"},"content":{"rendered":"<p>vi\u0161ina = 100 mm<br \/>\n\u0161irina = 120 mm<br \/>\nte\u017ea = 0,2 kg<\/p>\n","protected":false},"excerpt":{"rendered":"<p>vi\u0161ina = 100 mm \u0161irina = 120 mm te\u017ea = 0,2 kg<\/p>\n","protected":false},"featured_media":7776,"comment_status":"open","ping_status":"closed","template":"","meta":[],"product_brand":[],"product_cat":[1229,1035,1034,1116,1117,1039,1040],"product_tag":[565,572],"class_list":{"0":"post-7775","1":"product","2":"type-product","3":"status-publish","4":"has-post-thumbnail","6":"product_cat-poklon-program","7":"product_cat-mali-pokloni","8":"product_cat-poslovni-pokloni","9":"product_cat-zdjele-hr-2","10":"product_cat-zdjela-za-grickalice","11":"product_cat-salice-za-kavu-caj-sladoled","12":"product_cat-zdjelica-za-sladoled","13":"product_tag-spring-hr","14":"product_tag-za-sadje-hr","16":"first","17":"outofstock","18":"shipping-taxable","19":"purchasable","20":"product-type-simple"},"_links":{"self":[{"href":"https:\/\/steklarna-rogaska.si\/hr\/wp-json\/wp\/v2\/product\/7775","targetHints":{"allow":["GET"]}}],"collection":[{"href":"https:\/\/steklarna-rogaska.si\/hr\/wp-json\/wp\/v2\/product"}],"about":[{"href":"https:\/\/steklarna-rogaska.si\/hr\/wp-json\/wp\/v2\/types\/product"}],"replies":[{"embeddable":true,"href":"https:\/\/steklarna-rogaska.si\/hr\/wp-json\/wp\/v2\/comments?post=7775"}],"wp:featuredmedia":[{"embeddable":true,"href":"https:\/\/steklarna-rogaska.si\/hr\/wp-json\/wp\/v2\/media\/7776"}],"wp:attachment":[{"href":"https:\/\/steklarna-rogaska.si\/hr\/wp-json\/wp\/v2\/media?parent=7775"}],"wp:term":[{"taxonomy":"product_brand","embeddable":true,"href":"https:\/\/steklarna-rogaska.si\/hr\/wp-json\/wp\/v2\/product_brand?post=7775"},{"taxonomy":"product_cat","embeddable":true,"href":"https:\/\/steklarna-rogaska.si\/hr\/wp-json\/wp\/v2\/product_cat?post=7775"},{"taxonomy":"product_tag","embeddable":true,"href":"https:\/\/steklarna-rogaska.si\/hr\/wp-json\/wp\/v2\/product_tag?post=7775"}],"curies":[{"name":"wp","href":"https:\/\/api.w.org\/{rel}","templated":true}]}}