{"id":7769,"date":"2020-05-18T07:27:51","date_gmt":"2020-05-18T07:27:51","guid":{"rendered":"https:\/\/steklarna-rogaska.si\/product\/spring-boca\/"},"modified":"2024-10-14T08:31:01","modified_gmt":"2024-10-14T08:31:01","slug":"spring-boca","status":"publish","type":"product","link":"https:\/\/steklarna-rogaska.si\/hr\/proizvod\/spring-boca\/","title":{"rendered":"SPRING boca"},"content":{"rendered":"<p>vi\u0161ina = 400 mm<br \/>\n\u0161irina = 137 mm<br \/>\nte\u017ea = 1,5 kg<\/p>\n","protected":false},"excerpt":{"rendered":"<p>vi\u0161ina = 400 mm \u0161irina = 137 mm te\u017ea = 1,5 kg<\/p>\n","protected":false},"featured_media":7770,"comment_status":"open","ping_status":"open","template":"","meta":[],"product_brand":[],"product_cat":[1049,1051,1055,1054,1053,1052,559,1050],"product_tag":[565,568],"class_list":{"0":"post-7769","1":"product","2":"type-product","3":"status-publish","4":"has-post-thumbnail","6":"product_cat-boca-za-zestoka-pica","7":"product_cat-boce-dekanteri-bokali-vrcevi","8":"product_cat-dekanter-za-vino-hr","9":"product_cat-boca-za-vino-hr","10":"product_cat-boca-za-vodu","11":"product_cat-boca-za-zastoka-pica","12":"product_cat-sve-za-vino","13":"product_cat-boca-za-vino-hr-hr","14":"product_tag-spring-hr","15":"product_tag-za-dekantiranje-hr","17":"first","18":"instock","19":"shipping-taxable","20":"purchasable","21":"product-type-simple"},"_links":{"self":[{"href":"https:\/\/steklarna-rogaska.si\/hr\/wp-json\/wp\/v2\/product\/7769","targetHints":{"allow":["GET"]}}],"collection":[{"href":"https:\/\/steklarna-rogaska.si\/hr\/wp-json\/wp\/v2\/product"}],"about":[{"href":"https:\/\/steklarna-rogaska.si\/hr\/wp-json\/wp\/v2\/types\/product"}],"replies":[{"embeddable":true,"href":"https:\/\/steklarna-rogaska.si\/hr\/wp-json\/wp\/v2\/comments?post=7769"}],"wp:featuredmedia":[{"embeddable":true,"href":"https:\/\/steklarna-rogaska.si\/hr\/wp-json\/wp\/v2\/media\/7770"}],"wp:attachment":[{"href":"https:\/\/steklarna-rogaska.si\/hr\/wp-json\/wp\/v2\/media?parent=7769"}],"wp:term":[{"taxonomy":"product_brand","embeddable":true,"href":"https:\/\/steklarna-rogaska.si\/hr\/wp-json\/wp\/v2\/product_brand?post=7769"},{"taxonomy":"product_cat","embeddable":true,"href":"https:\/\/steklarna-rogaska.si\/hr\/wp-json\/wp\/v2\/product_cat?post=7769"},{"taxonomy":"product_tag","embeddable":true,"href":"https:\/\/steklarna-rogaska.si\/hr\/wp-json\/wp\/v2\/product_tag?post=7769"}],"curies":[{"name":"wp","href":"https:\/\/api.w.org\/{rel}","templated":true}]}}