{"id":41687,"date":"2025-05-15T12:56:31","date_gmt":"2025-05-15T12:56:31","guid":{"rendered":"https:\/\/steklarna-rogaska.si\/product\/casa-za-vodu-na-drsci-aulide-platinum-set-od-2-komada\/"},"modified":"2025-06-16T19:42:29","modified_gmt":"2025-06-16T19:42:29","slug":"casa-za-vodu-na-drsci-aulide-platinum-set-od-2-komada","status":"publish","type":"product","link":"https:\/\/steklarna-rogaska.si\/hr\/proizvod\/casa-za-vodu-na-drsci-aulide-platinum-set-od-2-komada\/","title":{"rendered":"\u010cA\u0160A ZA VODU NA DR\u0160CI &#8211; AULIDE PLATINUM &#8211; set od 2 komada"},"content":{"rendered":"<p>visina: 207 mm<\/p>\n<p> promjer: 88 mm<\/p>\n","protected":false},"excerpt":{"rendered":"<p>visina: 207 mm promjer: 88 mm<\/p>\n","protected":false},"featured_media":21274,"comment_status":"open","ping_status":"closed","template":"","meta":[],"product_brand":[],"product_cat":[1063],"product_tag":[590,1445],"class_list":{"0":"post-41687","1":"product","2":"type-product","3":"status-publish","4":"has-post-thumbnail","6":"product_cat-case-za-konjak-hr","7":"product_tag-aulide-hr","8":"product_tag-case-za-vodu","10":"first","11":"instock","12":"shipping-taxable","13":"purchasable","14":"product-type-simple"},"_links":{"self":[{"href":"https:\/\/steklarna-rogaska.si\/hr\/wp-json\/wp\/v2\/product\/41687","targetHints":{"allow":["GET"]}}],"collection":[{"href":"https:\/\/steklarna-rogaska.si\/hr\/wp-json\/wp\/v2\/product"}],"about":[{"href":"https:\/\/steklarna-rogaska.si\/hr\/wp-json\/wp\/v2\/types\/product"}],"replies":[{"embeddable":true,"href":"https:\/\/steklarna-rogaska.si\/hr\/wp-json\/wp\/v2\/comments?post=41687"}],"wp:featuredmedia":[{"embeddable":true,"href":"https:\/\/steklarna-rogaska.si\/hr\/wp-json\/wp\/v2\/media\/21274"}],"wp:attachment":[{"href":"https:\/\/steklarna-rogaska.si\/hr\/wp-json\/wp\/v2\/media?parent=41687"}],"wp:term":[{"taxonomy":"product_brand","embeddable":true,"href":"https:\/\/steklarna-rogaska.si\/hr\/wp-json\/wp\/v2\/product_brand?post=41687"},{"taxonomy":"product_cat","embeddable":true,"href":"https:\/\/steklarna-rogaska.si\/hr\/wp-json\/wp\/v2\/product_cat?post=41687"},{"taxonomy":"product_tag","embeddable":true,"href":"https:\/\/steklarna-rogaska.si\/hr\/wp-json\/wp\/v2\/product_tag?post=41687"}],"curies":[{"name":"wp","href":"https:\/\/api.w.org\/{rel}","templated":true}]}}