{"id":25971,"date":"2024-02-14T12:25:13","date_gmt":"2024-02-14T12:25:13","guid":{"rendered":"https:\/\/steklarna-rogaska.si\/product\/diamond-gold-salica-za-kavu-caj-set-2\/"},"modified":"2024-05-02T00:00:15","modified_gmt":"2024-05-02T00:00:15","slug":"diamond-gold-salica-za-kavu-caj-set-2","status":"publish","type":"product","link":"https:\/\/steklarna-rogaska.si\/hr\/proizvod\/diamond-gold-salica-za-kavu-caj-set-2\/","title":{"rendered":"DIAMOND GOLD \u0160ALICA ZA KAVU\/\u010cAJ \u2013 SET 2"},"content":{"rendered":"<p>vi\u0161ina = 87 mm<br \/>\n\u0161irina = 108 mm<br \/>\nte\u017ea = 0,2 kg<\/p>\n","protected":false},"excerpt":{"rendered":"<p>Klasi\u010dni kri\u017eni uzorak kolekcije &#8220;Diamond&#8221; u sjajnim tonovima iznimno je omiljen i predstavlja vje\u010dnu klasiku. Prikladan je kako za suvremene postavke stolova, tako i za vintage stiliziranje.<\/p>\n","protected":false},"featured_media":25984,"comment_status":"open","ping_status":"closed","template":"","meta":[],"product_brand":[],"product_cat":[538,1229,1045,1119,1034,1039,1226],"product_tag":[642,736,751,773,760],"class_list":{"0":"post-25971","1":"product","2":"type-product","3":"status-publish","4":"has-post-thumbnail","6":"product_cat-poklon-setovi-barski-program","7":"product_cat-poklon-program","8":"product_cat-poklon-za-njega","9":"product_cat-poklon-za-nju","10":"product_cat-poslovni-pokloni","11":"product_cat-salice-za-kavu-caj-sladoled","12":"product_cat-salice-za-kavu-hr","13":"product_tag-diamond-gold-hr","14":"product_tag-porocna-darila-hr-2","15":"product_tag-poslovna-darila-hr","16":"product_tag-za-caj-hr","17":"product_tag-za-kavo-hr","19":"first","20":"outofstock","21":"shipping-taxable","22":"purchasable","23":"product-type-simple"},"_links":{"self":[{"href":"https:\/\/steklarna-rogaska.si\/hr\/wp-json\/wp\/v2\/product\/25971","targetHints":{"allow":["GET"]}}],"collection":[{"href":"https:\/\/steklarna-rogaska.si\/hr\/wp-json\/wp\/v2\/product"}],"about":[{"href":"https:\/\/steklarna-rogaska.si\/hr\/wp-json\/wp\/v2\/types\/product"}],"replies":[{"embeddable":true,"href":"https:\/\/steklarna-rogaska.si\/hr\/wp-json\/wp\/v2\/comments?post=25971"}],"wp:featuredmedia":[{"embeddable":true,"href":"https:\/\/steklarna-rogaska.si\/hr\/wp-json\/wp\/v2\/media\/25984"}],"wp:attachment":[{"href":"https:\/\/steklarna-rogaska.si\/hr\/wp-json\/wp\/v2\/media?parent=25971"}],"wp:term":[{"taxonomy":"product_brand","embeddable":true,"href":"https:\/\/steklarna-rogaska.si\/hr\/wp-json\/wp\/v2\/product_brand?post=25971"},{"taxonomy":"product_cat","embeddable":true,"href":"https:\/\/steklarna-rogaska.si\/hr\/wp-json\/wp\/v2\/product_cat?post=25971"},{"taxonomy":"product_tag","embeddable":true,"href":"https:\/\/steklarna-rogaska.si\/hr\/wp-json\/wp\/v2\/product_tag?post=25971"}],"curies":[{"name":"wp","href":"https:\/\/api.w.org\/{rel}","templated":true}]}}