{"id":24743,"date":"2022-07-13T07:47:58","date_gmt":"2022-07-13T07:47:58","guid":{"rendered":"https:\/\/steklarna-rogaska.si\/product\/poklon-bon-100-e\/"},"modified":"2022-07-13T07:47:58","modified_gmt":"2022-07-13T07:47:58","slug":"poklon-bon-100-e","status":"publish","type":"product","link":"https:\/\/steklarna-rogaska.si\/hr\/proizvod\/poklon-bon-100-e\/","title":{"rendered":"POKLON BON 100 \u20ac"},"content":{"rendered":"<p>Poklon bon je mogu\u0107e iskoristiti isklju\u010divo u web shopu u punom iznosu. oklon bona. Kuponjom bona dobivate kod s kojim mo\u017eete iskoristiti vrijedost bona.<\/p>\n<p>Valjanost kupona: 1 godina od kupnje<\/p>\n<p>&nbsp;<\/p>\n","protected":false},"excerpt":{"rendered":"<p>Poklon bon je mogu\u0107e iskoristiti isklju\u010divo u web shopu u punom iznosu. oklon bona. Kuponjom bona dobivate kod s kojim mo\u017eete iskoristiti vrijedost bona. Valjanost [&hellip;]<\/p>\n","protected":false},"featured_media":20307,"comment_status":"open","ping_status":"closed","template":"","meta":[],"product_brand":[],"product_cat":[1337],"product_tag":[1338],"class_list":{"0":"post-24743","1":"product","2":"type-product","3":"status-publish","4":"has-post-thumbnail","6":"product_cat-poklon-bon","7":"product_tag-poklon-bon","9":"first","10":"instock","11":"shipping-taxable","12":"purchasable","13":"product-type-simple"},"_links":{"self":[{"href":"https:\/\/steklarna-rogaska.si\/hr\/wp-json\/wp\/v2\/product\/24743","targetHints":{"allow":["GET"]}}],"collection":[{"href":"https:\/\/steklarna-rogaska.si\/hr\/wp-json\/wp\/v2\/product"}],"about":[{"href":"https:\/\/steklarna-rogaska.si\/hr\/wp-json\/wp\/v2\/types\/product"}],"replies":[{"embeddable":true,"href":"https:\/\/steklarna-rogaska.si\/hr\/wp-json\/wp\/v2\/comments?post=24743"}],"wp:featuredmedia":[{"embeddable":true,"href":"https:\/\/steklarna-rogaska.si\/hr\/wp-json\/wp\/v2\/media\/20307"}],"wp:attachment":[{"href":"https:\/\/steklarna-rogaska.si\/hr\/wp-json\/wp\/v2\/media?parent=24743"}],"wp:term":[{"taxonomy":"product_brand","embeddable":true,"href":"https:\/\/steklarna-rogaska.si\/hr\/wp-json\/wp\/v2\/product_brand?post=24743"},{"taxonomy":"product_cat","embeddable":true,"href":"https:\/\/steklarna-rogaska.si\/hr\/wp-json\/wp\/v2\/product_cat?post=24743"},{"taxonomy":"product_tag","embeddable":true,"href":"https:\/\/steklarna-rogaska.si\/hr\/wp-json\/wp\/v2\/product_tag?post=24743"}],"curies":[{"name":"wp","href":"https:\/\/api.w.org\/{rel}","templated":true}]}}