{"id":24659,"date":"2023-09-07T12:11:33","date_gmt":"2023-09-07T12:11:33","guid":{"rendered":"https:\/\/steklarna-rogaska.si\/?post_type=product&#038;p=24659"},"modified":"2026-05-04T07:01:44","modified_gmt":"2026-05-04T07:01:44","slug":"okvir-za-sliko-10x15-cm-superior-kos","status":"publish","type":"product","link":"https:\/\/steklarna-rogaska.si\/hr\/proizvod\/okvir-za-sliko-10x15-cm-superior-kos\/","title":{"rendered":"OKVIR ZA SLIKO 10&#215;15 cm &#8211; SUPERIOR &#8211; kos"},"content":{"rendered":"<p>vi\u0161ina = 199 mm<br \/>\n\u0161irina = 148 mm<br \/>\nte\u017ea = 1,58 kg<\/p>\n","protected":false},"excerpt":{"rendered":"<p>vi\u0161ina = 199 mm \u0161irina = 148 mm te\u017ea = 1,58 kg<\/p>\n","protected":false},"featured_media":24690,"comment_status":"open","ping_status":"open","template":"","meta":[],"product_brand":[],"product_cat":[916,922,921,920,919,951],"product_tag":[804,882,991,424],"class_list":{"0":"post-24659","1":"product","2":"type-product","3":"status-publish","4":"has-post-thumbnail","6":"product_cat-darilni-program-2","7":"product_cat-darila-zanj","8":"product_cat-darila-zanjo","9":"product_cat-porocna-darila","10":"product_cat-poslovna-darila","11":"product_cat-okvir-za-sliko","12":"product_tag-okvir","13":"product_tag-okvir-za-fotografijo","14":"product_tag-porocno-darilo","15":"product_tag-superior","17":"first","18":"instock","19":"shipping-taxable","20":"purchasable","21":"product-type-simple"},"_links":{"self":[{"href":"https:\/\/steklarna-rogaska.si\/hr\/wp-json\/wp\/v2\/product\/24659","targetHints":{"allow":["GET"]}}],"collection":[{"href":"https:\/\/steklarna-rogaska.si\/hr\/wp-json\/wp\/v2\/product"}],"about":[{"href":"https:\/\/steklarna-rogaska.si\/hr\/wp-json\/wp\/v2\/types\/product"}],"replies":[{"embeddable":true,"href":"https:\/\/steklarna-rogaska.si\/hr\/wp-json\/wp\/v2\/comments?post=24659"}],"wp:featuredmedia":[{"embeddable":true,"href":"https:\/\/steklarna-rogaska.si\/hr\/wp-json\/wp\/v2\/media\/24690"}],"wp:attachment":[{"href":"https:\/\/steklarna-rogaska.si\/hr\/wp-json\/wp\/v2\/media?parent=24659"}],"wp:term":[{"taxonomy":"product_brand","embeddable":true,"href":"https:\/\/steklarna-rogaska.si\/hr\/wp-json\/wp\/v2\/product_brand?post=24659"},{"taxonomy":"product_cat","embeddable":true,"href":"https:\/\/steklarna-rogaska.si\/hr\/wp-json\/wp\/v2\/product_cat?post=24659"},{"taxonomy":"product_tag","embeddable":true,"href":"https:\/\/steklarna-rogaska.si\/hr\/wp-json\/wp\/v2\/product_tag?post=24659"}],"curies":[{"name":"wp","href":"https:\/\/api.w.org\/{rel}","templated":true}]}}