{"id":21282,"date":"2022-11-10T09:36:12","date_gmt":"2022-11-10T09:36:12","guid":{"rendered":"https:\/\/steklarna-rogaska.si\/?post_type=product&#038;p=21282"},"modified":"2026-04-21T05:23:45","modified_gmt":"2026-04-21T05:23:45","slug":"aulide-platinum-kozarec-za-liker-set-2","status":"publish","type":"product","link":"https:\/\/steklarna-rogaska.si\/hr\/proizvod\/aulide-platinum-kozarec-za-liker-set-2\/","title":{"rendered":"KOZAREC ZA LIKER &#8211; AULIDE PLATINUM &#8211; set 2 kos"},"content":{"rendered":"<p>vi\u0161ina=147 mm<\/p>\n<p>\u0161irina= 56 mm<\/p>\n<p>te\u017ea= 0,1 kg<\/p>\n","protected":false},"excerpt":{"rendered":"<p>vi\u0161ina=147 mm \u0161irina= 56 mm te\u017ea= 0,1 kg<\/p>\n","protected":false},"featured_media":9758,"comment_status":"open","ping_status":"closed","template":"","meta":[],"product_brand":[],"product_cat":[196,904,916,922,919,924,927],"product_tag":[343,267,1304,1297,485],"class_list":{"0":"post-21282","1":"product","2":"type-product","3":"status-publish","4":"has-post-thumbnail","6":"product_cat-barski-program","7":"product_cat-kozarci-za-zganje","8":"product_cat-darilni-program-2","9":"product_cat-darila-zanj","10":"product_cat-poslovna-darila","11":"product_cat-kozarci-2","12":"product_cat-kozarci-za-zganje-2","13":"product_tag-aulide","14":"product_tag-aulide-platinum","15":"product_tag-kozarci-za-liker","16":"product_tag-kozarec-za-zganje","17":"product_tag-poslovna-darila","19":"first","20":"instock","21":"shipping-taxable","22":"purchasable","23":"product-type-simple"},"_links":{"self":[{"href":"https:\/\/steklarna-rogaska.si\/hr\/wp-json\/wp\/v2\/product\/21282","targetHints":{"allow":["GET"]}}],"collection":[{"href":"https:\/\/steklarna-rogaska.si\/hr\/wp-json\/wp\/v2\/product"}],"about":[{"href":"https:\/\/steklarna-rogaska.si\/hr\/wp-json\/wp\/v2\/types\/product"}],"replies":[{"embeddable":true,"href":"https:\/\/steklarna-rogaska.si\/hr\/wp-json\/wp\/v2\/comments?post=21282"}],"wp:featuredmedia":[{"embeddable":true,"href":"https:\/\/steklarna-rogaska.si\/hr\/wp-json\/wp\/v2\/media\/9758"}],"wp:attachment":[{"href":"https:\/\/steklarna-rogaska.si\/hr\/wp-json\/wp\/v2\/media?parent=21282"}],"wp:term":[{"taxonomy":"product_brand","embeddable":true,"href":"https:\/\/steklarna-rogaska.si\/hr\/wp-json\/wp\/v2\/product_brand?post=21282"},{"taxonomy":"product_cat","embeddable":true,"href":"https:\/\/steklarna-rogaska.si\/hr\/wp-json\/wp\/v2\/product_cat?post=21282"},{"taxonomy":"product_tag","embeddable":true,"href":"https:\/\/steklarna-rogaska.si\/hr\/wp-json\/wp\/v2\/product_tag?post=21282"}],"curies":[{"name":"wp","href":"https:\/\/api.w.org\/{rel}","templated":true}]}}