{"id":21257,"date":"2022-11-09T07:24:53","date_gmt":"2022-11-09T07:24:53","guid":{"rendered":"https:\/\/steklarna-rogaska.si\/?post_type=product&#038;p=21257"},"modified":"2026-04-21T05:23:34","modified_gmt":"2026-04-21T05:23:34","slug":"armudi-capri-kozarec-za-caj-set-6-kos","status":"publish","type":"product","link":"https:\/\/steklarna-rogaska.si\/hr\/proizvod\/armudi-capri-kozarec-za-caj-set-6-kos\/","title":{"rendered":"KOZAREC ZA \u010cAJ &#8211; ARMUDI CAPRI &#8211; set 6 kos"},"content":{"rendered":"<p>vi\u0161ina = 100 mm \u0161irina (fi) = 70 mm<\/p>\n<p>Kro\u017enik ni vklju\u010den v ceno. Izdelek najdete pod nazivom KRO\u017dNIK 13 CM CAPRI <b>129331<\/b><\/p>\n<blockquote class=\"wp-embedded-content\" data-secret=\"J6uGq8rkwQ\"><p><a href=\"https:\/\/steklarna-rogaska.si\/product\/armudi-capri-kozarec-za-caj-set-6-kos\/\">KOZAREC ZA \u010cAJ  &#8211; ARMUDI CAPRI &#8211; set 6 kos<\/a><\/p><\/blockquote>\n<p><iframe loading=\"lazy\" class=\"wp-embedded-content\" sandbox=\"allow-scripts\" security=\"restricted\" style=\"position: absolute; clip: rect(1px, 1px, 1px, 1px);\" title=\"&#8220;KOZAREC ZA \u010cAJ  &#8211; ARMUDI CAPRI &#8211; set 6 kos&#8221; &#8212; Kristal Roga\u0161ka\" src=\"https:\/\/steklarna-rogaska.si\/product\/armudi-capri-kozarec-za-caj-set-6-kos\/embed\/#?secret=ETpBJywbaV#?secret=J6uGq8rkwQ\" data-secret=\"J6uGq8rkwQ\" width=\"600\" height=\"338\" frameborder=\"0\" marginwidth=\"0\" marginheight=\"0\" scrolling=\"no\"><\/iframe><\/p>\n","protected":false},"excerpt":{"rendered":"<p>vi\u0161ina = 100 mm \u0161irina (fi) = 70 mm Kro\u017enik ni vklju\u010den v ceno. Izdelek najdete pod nazivom KRO\u017dNIK 13 CM CAPRI 129331 KOZAREC ZA [&hellip;]<\/p>\n","protected":false},"featured_media":21258,"comment_status":"open","ping_status":"open","template":"","meta":[],"product_brand":[],"product_cat":[958],"product_tag":[1298,1299,813],"class_list":{"0":"post-21257","1":"product","2":"type-product","3":"status-publish","4":"has-post-thumbnail","6":"product_cat-skodelice-za-caj","7":"product_tag-armudi","8":"product_tag-armudi-capri","9":"product_tag-skodelica-za-caj","11":"first","12":"outofstock","13":"shipping-taxable","14":"purchasable","15":"product-type-simple"},"_links":{"self":[{"href":"https:\/\/steklarna-rogaska.si\/hr\/wp-json\/wp\/v2\/product\/21257","targetHints":{"allow":["GET"]}}],"collection":[{"href":"https:\/\/steklarna-rogaska.si\/hr\/wp-json\/wp\/v2\/product"}],"about":[{"href":"https:\/\/steklarna-rogaska.si\/hr\/wp-json\/wp\/v2\/types\/product"}],"replies":[{"embeddable":true,"href":"https:\/\/steklarna-rogaska.si\/hr\/wp-json\/wp\/v2\/comments?post=21257"}],"wp:featuredmedia":[{"embeddable":true,"href":"https:\/\/steklarna-rogaska.si\/hr\/wp-json\/wp\/v2\/media\/21258"}],"wp:attachment":[{"href":"https:\/\/steklarna-rogaska.si\/hr\/wp-json\/wp\/v2\/media?parent=21257"}],"wp:term":[{"taxonomy":"product_brand","embeddable":true,"href":"https:\/\/steklarna-rogaska.si\/hr\/wp-json\/wp\/v2\/product_brand?post=21257"},{"taxonomy":"product_cat","embeddable":true,"href":"https:\/\/steklarna-rogaska.si\/hr\/wp-json\/wp\/v2\/product_cat?post=21257"},{"taxonomy":"product_tag","embeddable":true,"href":"https:\/\/steklarna-rogaska.si\/hr\/wp-json\/wp\/v2\/product_tag?post=21257"}],"curies":[{"name":"wp","href":"https:\/\/api.w.org\/{rel}","templated":true}]}}