{"id":21223,"date":"2022-11-04T13:48:14","date_gmt":"2022-11-04T13:48:14","guid":{"rendered":"https:\/\/steklarna-rogaska.si\/?post_type=product&#038;p=21223"},"modified":"2026-04-13T08:18:32","modified_gmt":"2026-04-13T08:18:32","slug":"intaglio-wedgwood-skleda-za-kosmice-15-cm-1-kos","status":"publish","type":"product","link":"https:\/\/steklarna-rogaska.si\/hr\/proizvod\/intaglio-wedgwood-skleda-za-kosmice-15-cm-1-kos\/","title":{"rendered":"SKLEDA ZA KOSMI\u010cE 15 CM &#8211; INTAGLIO WEDGWOOD &#8211; kos"},"content":{"rendered":"<p>Da zna\u0161 zares ceniti vrhunsko kvaliteto in ob\u010dudovati lepoto izdelka mora\u0161 izdelek za\u010duditi tudi v rokah. \u010cudoviti izdelki Intaglio so narejeni iz visoko kakovostnega porcelana \u2018\u2019bone china\u2019\u2019. Intaglio vzorec spominja na \u010dase Rimljanov in Grkov, je brez\u010dasen, razko\u0161en in hkrati moderen, zato bo s sodobnim geometrijskim robom dal prijeten izgled na omizju.<\/p>\n","protected":false},"excerpt":{"rendered":"<p>Da zna\u0161 zares ceniti vrhunsko kvaliteto in ob\u010dudovati lepoto izdelka mora\u0161 izdelek za\u010duditi tudi v rokah. \u010cudoviti izdelki Intaglio so narejeni iz visoko kakovostnega porcelana [&hellip;]<\/p>\n","protected":false},"featured_media":21201,"comment_status":"open","ping_status":"open","template":"","meta":[],"product_brand":[],"product_cat":[960,1269,963],"product_tag":[1282,1168,1002,1171,1125],"class_list":{"0":"post-21223","1":"product","2":"type-product","3":"status-publish","4":"has-post-thumbnail","6":"product_cat-porcelan-2","7":"product_cat-wedgwood-intaglio","8":"product_cat-skodelice","9":"product_tag-intaglio","10":"product_tag-porcelan","11":"product_tag-skleda","12":"product_tag-skleda-za-kosmice","13":"product_tag-wedgwood","15":"first","16":"outofstock","17":"shipping-taxable","18":"purchasable","19":"product-type-simple"},"_links":{"self":[{"href":"https:\/\/steklarna-rogaska.si\/hr\/wp-json\/wp\/v2\/product\/21223","targetHints":{"allow":["GET"]}}],"collection":[{"href":"https:\/\/steklarna-rogaska.si\/hr\/wp-json\/wp\/v2\/product"}],"about":[{"href":"https:\/\/steklarna-rogaska.si\/hr\/wp-json\/wp\/v2\/types\/product"}],"replies":[{"embeddable":true,"href":"https:\/\/steklarna-rogaska.si\/hr\/wp-json\/wp\/v2\/comments?post=21223"}],"wp:featuredmedia":[{"embeddable":true,"href":"https:\/\/steklarna-rogaska.si\/hr\/wp-json\/wp\/v2\/media\/21201"}],"wp:attachment":[{"href":"https:\/\/steklarna-rogaska.si\/hr\/wp-json\/wp\/v2\/media?parent=21223"}],"wp:term":[{"taxonomy":"product_brand","embeddable":true,"href":"https:\/\/steklarna-rogaska.si\/hr\/wp-json\/wp\/v2\/product_brand?post=21223"},{"taxonomy":"product_cat","embeddable":true,"href":"https:\/\/steklarna-rogaska.si\/hr\/wp-json\/wp\/v2\/product_cat?post=21223"},{"taxonomy":"product_tag","embeddable":true,"href":"https:\/\/steklarna-rogaska.si\/hr\/wp-json\/wp\/v2\/product_tag?post=21223"}],"curies":[{"name":"wp","href":"https:\/\/api.w.org\/{rel}","templated":true}]}}