{"id":21079,"date":"2022-10-26T12:15:46","date_gmt":"2022-10-26T12:15:46","guid":{"rendered":"https:\/\/steklarna-rogaska.si\/?post_type=product&#038;p=21079"},"modified":"2026-04-13T08:33:23","modified_gmt":"2026-04-13T08:33:23","slug":"gio-wedgwood-skodelica-za-caj-kavo-s-podstavkom-1-set","status":"publish","type":"product","link":"https:\/\/steklarna-rogaska.si\/hr\/proizvod\/gio-wedgwood-skodelica-za-caj-kavo-s-podstavkom-1-set\/","title":{"rendered":"SKODELICA ZA \u010cAJ\/ KAVO S PODSTAVKOM &#8211; GIO WEDGWOOD &#8211; set"},"content":{"rendered":"<p>Dodajte svoji mizi pridih razko\u0161ja z izjemnim angle\u0161kim porcelanom Wedgwood. Izdelki so narejeni iz \u010dudovitega in \u010dvrstega belega porcelana (Bone China).<\/p>\n<p>Porcelan iz kolekcije GIO izjemno eleganten in vedno uporaben. Z njim boste ustvarili popolno omizje, kjer bosta ponujena kava ali \u010daj \u0161e bolj omamno zadi\u0161ala. Porcelan je primeren za uporabo v mikrovalovni pe\u010dici in pranje v pomivalnem stroju.<\/p>\n<p>&nbsp;<\/p>\n","protected":false},"excerpt":{"rendered":"<p>Dodajte svoji mizi pridih razko\u0161ja z izjemnim angle\u0161kim porcelanom Wedgwood. Izdelki so narejeni iz \u010dudovitega in \u010dvrstega belega porcelana (Bone China). Porcelan iz kolekcije GIO [&hellip;]<\/p>\n","protected":false},"featured_media":21019,"comment_status":"open","ping_status":"open","template":"","meta":[],"product_brand":[],"product_cat":[960,1265,961,962],"product_tag":[1257,1168,813,1173,1125],"class_list":{"0":"post-21079","1":"product","2":"type-product","3":"status-publish","4":"has-post-thumbnail","6":"product_cat-porcelan-2","7":"product_cat-wedgwood-gio","8":"product_cat-jedilni-servisi","9":"product_cat-krozniki-2","10":"product_tag-gio","11":"product_tag-porcelan","12":"product_tag-skodelica-za-caj","13":"product_tag-skodelica-za-kavo","14":"product_tag-wedgwood","16":"first","17":"outofstock","18":"shipping-taxable","19":"purchasable","20":"product-type-simple"},"_links":{"self":[{"href":"https:\/\/steklarna-rogaska.si\/hr\/wp-json\/wp\/v2\/product\/21079","targetHints":{"allow":["GET"]}}],"collection":[{"href":"https:\/\/steklarna-rogaska.si\/hr\/wp-json\/wp\/v2\/product"}],"about":[{"href":"https:\/\/steklarna-rogaska.si\/hr\/wp-json\/wp\/v2\/types\/product"}],"replies":[{"embeddable":true,"href":"https:\/\/steklarna-rogaska.si\/hr\/wp-json\/wp\/v2\/comments?post=21079"}],"wp:featuredmedia":[{"embeddable":true,"href":"https:\/\/steklarna-rogaska.si\/hr\/wp-json\/wp\/v2\/media\/21019"}],"wp:attachment":[{"href":"https:\/\/steklarna-rogaska.si\/hr\/wp-json\/wp\/v2\/media?parent=21079"}],"wp:term":[{"taxonomy":"product_brand","embeddable":true,"href":"https:\/\/steklarna-rogaska.si\/hr\/wp-json\/wp\/v2\/product_brand?post=21079"},{"taxonomy":"product_cat","embeddable":true,"href":"https:\/\/steklarna-rogaska.si\/hr\/wp-json\/wp\/v2\/product_cat?post=21079"},{"taxonomy":"product_tag","embeddable":true,"href":"https:\/\/steklarna-rogaska.si\/hr\/wp-json\/wp\/v2\/product_tag?post=21079"}],"curies":[{"name":"wp","href":"https:\/\/api.w.org\/{rel}","templated":true}]}}