{"id":21067,"date":"2022-10-26T11:53:42","date_gmt":"2022-10-26T11:53:42","guid":{"rendered":"https:\/\/steklarna-rogaska.si\/?post_type=product&#038;p=21067"},"modified":"2026-04-13T08:33:04","modified_gmt":"2026-04-13T08:33:04","slug":"gio-wedgwood-pladenj-kvadratni-21-cm-1-kos","status":"publish","type":"product","link":"https:\/\/steklarna-rogaska.si\/hr\/proizvod\/gio-wedgwood-pladenj-kvadratni-21-cm-1-kos\/","title":{"rendered":"PLADENJ KVADRATNI 21 CM &#8211; GIO WEDGWOOD &#8211; kos"},"content":{"rendered":"<p>Dodajte svoji mizi pridih razko\u0161ja z izjemnim angle\u0161kim porcelanom Wedgwood. Izdelki so narejeni iz \u010dudovitega in \u010dvrstega belega porcelana (Bone China).<\/p>\n<p>Porcelan iz kolekcije GIO izjemno eleganten in vedno uporaben. Z njim boste ustvarili popolno omizje, kjer bo pripravljena hrana pri\u0161la \u0161e bolj do izraza. Porcelan je primeren za uporabo v mikrovalovni pe\u010dici in pranje v pomivalnem stroju.<\/p>\n<p>&nbsp;<\/p>\n","protected":false},"excerpt":{"rendered":"<p>Dodajte svoji mizi pridih razko\u0161ja z izjemnim angle\u0161kim porcelanom Wedgwood. Izdelki so narejeni iz \u010dudovitega in \u010dvrstega belega porcelana (Bone China). Porcelan iz kolekcije GIO [&hellip;]<\/p>\n","protected":false},"featured_media":21049,"comment_status":"open","ping_status":"open","template":"","meta":[],"product_brand":[],"product_cat":[960,1265,961],"product_tag":[1257,1008,1125],"class_list":{"0":"post-21067","1":"product","2":"type-product","3":"status-publish","4":"has-post-thumbnail","6":"product_cat-porcelan-2","7":"product_cat-wedgwood-gio","8":"product_cat-jedilni-servisi","9":"product_tag-gio","10":"product_tag-pladenj","11":"product_tag-wedgwood","13":"first","14":"outofstock","15":"shipping-taxable","16":"purchasable","17":"product-type-simple"},"_links":{"self":[{"href":"https:\/\/steklarna-rogaska.si\/hr\/wp-json\/wp\/v2\/product\/21067","targetHints":{"allow":["GET"]}}],"collection":[{"href":"https:\/\/steklarna-rogaska.si\/hr\/wp-json\/wp\/v2\/product"}],"about":[{"href":"https:\/\/steklarna-rogaska.si\/hr\/wp-json\/wp\/v2\/types\/product"}],"replies":[{"embeddable":true,"href":"https:\/\/steklarna-rogaska.si\/hr\/wp-json\/wp\/v2\/comments?post=21067"}],"wp:featuredmedia":[{"embeddable":true,"href":"https:\/\/steklarna-rogaska.si\/hr\/wp-json\/wp\/v2\/media\/21049"}],"wp:attachment":[{"href":"https:\/\/steklarna-rogaska.si\/hr\/wp-json\/wp\/v2\/media?parent=21067"}],"wp:term":[{"taxonomy":"product_brand","embeddable":true,"href":"https:\/\/steklarna-rogaska.si\/hr\/wp-json\/wp\/v2\/product_brand?post=21067"},{"taxonomy":"product_cat","embeddable":true,"href":"https:\/\/steklarna-rogaska.si\/hr\/wp-json\/wp\/v2\/product_cat?post=21067"},{"taxonomy":"product_tag","embeddable":true,"href":"https:\/\/steklarna-rogaska.si\/hr\/wp-json\/wp\/v2\/product_tag?post=21067"}],"curies":[{"name":"wp","href":"https:\/\/api.w.org\/{rel}","templated":true}]}}