{"id":20824,"date":"2025-02-27T10:35:25","date_gmt":"2025-02-27T10:35:25","guid":{"rendered":"https:\/\/steklarna-rogaska.si\/?post_type=product&#038;p=20824"},"modified":"2026-04-13T07:21:54","modified_gmt":"2026-04-13T07:21:54","slug":"original-darilni-set-2-kozarca-za-gin-gin-brin","status":"publish","type":"product","link":"https:\/\/steklarna-rogaska.si\/hr\/proizvod\/original-darilni-set-2-kozarca-za-gin-gin-brin\/","title":{"rendered":"DARILNI SET ORIGINAL &#8211; 2 KOZARCA ZA GIN IN GIN BRIN 0,5L &#8211; EXPERT &#8211; set"},"content":{"rendered":"<p>Ustvarili smo edinstveno pakiranje slovenskega gina BRIN v dru\u017ebi ro\u010dno izdelanih kozarcev za gin iz kolekcije Expert. &#8221;oriGINal&#8221; je \u010dudovito poslovno darilo ali darilo ob posebni prilo\u017enosti.<\/p>\n","protected":false},"excerpt":{"rendered":"<p>Ustvarili smo edinstveno pakiranje slovenskega gina BRIN v dru\u017ebi ro\u010dno izdelanih kozarcev za gin iz kolekcije Expert. &#8221;oriGINal&#8221; je \u010dudovito poslovno darilo ali darilo ob [&hellip;]<\/p>\n","protected":false},"featured_media":20929,"comment_status":"open","ping_status":"closed","template":"","meta":[],"product_brand":[],"product_cat":[196,525,907,916,922,921,920,919,996],"product_tag":[524,1250,1253,1252],"class_list":{"0":"post-20824","1":"product","2":"type-product","3":"status-publish","4":"has-post-thumbnail","6":"product_cat-barski-program","7":"product_cat-darilni-seti-barski-program","8":"product_cat-kozarci-za-gin","9":"product_cat-darilni-program-2","10":"product_cat-darila-zanj","11":"product_cat-darila-zanjo","12":"product_cat-porocna-darila","13":"product_cat-poslovna-darila","14":"product_cat-praznicna-ponudba","15":"product_tag-darilni-set","16":"product_tag-darilno-pakiranje","17":"product_tag-kozarci-za-gin","18":"product_tag-poslovno-darilo","20":"first","21":"outofstock","22":"shipping-taxable","23":"purchasable","24":"product-type-simple"},"_links":{"self":[{"href":"https:\/\/steklarna-rogaska.si\/hr\/wp-json\/wp\/v2\/product\/20824","targetHints":{"allow":["GET"]}}],"collection":[{"href":"https:\/\/steklarna-rogaska.si\/hr\/wp-json\/wp\/v2\/product"}],"about":[{"href":"https:\/\/steklarna-rogaska.si\/hr\/wp-json\/wp\/v2\/types\/product"}],"replies":[{"embeddable":true,"href":"https:\/\/steklarna-rogaska.si\/hr\/wp-json\/wp\/v2\/comments?post=20824"}],"wp:featuredmedia":[{"embeddable":true,"href":"https:\/\/steklarna-rogaska.si\/hr\/wp-json\/wp\/v2\/media\/20929"}],"wp:attachment":[{"href":"https:\/\/steklarna-rogaska.si\/hr\/wp-json\/wp\/v2\/media?parent=20824"}],"wp:term":[{"taxonomy":"product_brand","embeddable":true,"href":"https:\/\/steklarna-rogaska.si\/hr\/wp-json\/wp\/v2\/product_brand?post=20824"},{"taxonomy":"product_cat","embeddable":true,"href":"https:\/\/steklarna-rogaska.si\/hr\/wp-json\/wp\/v2\/product_cat?post=20824"},{"taxonomy":"product_tag","embeddable":true,"href":"https:\/\/steklarna-rogaska.si\/hr\/wp-json\/wp\/v2\/product_tag?post=20824"}],"curies":[{"name":"wp","href":"https:\/\/api.w.org\/{rel}","templated":true}]}}