{"id":15115,"date":"2021-02-05T10:41:38","date_gmt":"2021-02-05T10:41:38","guid":{"rendered":"https:\/\/steklarna-rogaska.si\/product\/capri-casa-za-crno-vino-set-2\/"},"modified":"2025-07-21T09:56:51","modified_gmt":"2025-07-21T09:56:51","slug":"capri-casa-za-crno-vino-set-2","status":"publish","type":"product","link":"https:\/\/steklarna-rogaska.si\/hr\/proizvod\/capri-casa-za-crno-vino-set-2\/","title":{"rendered":"CAPRI &#8211; \u010da\u0161a za crno vino &#8211; set 2"},"content":{"rendered":"<p>vi\u0161ina=218 mm<\/p>\n<p>\u0161irina=85 mm<\/p>\n","protected":false},"excerpt":{"rendered":"<p>vi\u0161ina=218 mm \u0161irina=85 mm<\/p>\n","protected":false},"featured_media":12322,"comment_status":"open","ping_status":"open","template":"","meta":[],"product_brand":[],"product_cat":[1060,1078,559,1077],"product_tag":[618,1079,752,566,687],"class_list":{"0":"post-15115","1":"product","2":"type-product","3":"status-publish","4":"has-post-thumbnail","6":"product_cat-case","7":"product_cat-case-za-vino","8":"product_cat-sve-za-vino","9":"product_cat-case-za-vino-hr","10":"product_tag-capri-hr","11":"product_tag-kozarec-za-vino-hr","12":"product_tag-praznicna-darila-hr","13":"product_tag-za-crveno-vino","14":"product_tag-za-vino-hr-2","16":"first","17":"outofstock","18":"shipping-taxable","19":"purchasable","20":"product-type-simple"},"_links":{"self":[{"href":"https:\/\/steklarna-rogaska.si\/hr\/wp-json\/wp\/v2\/product\/15115","targetHints":{"allow":["GET"]}}],"collection":[{"href":"https:\/\/steklarna-rogaska.si\/hr\/wp-json\/wp\/v2\/product"}],"about":[{"href":"https:\/\/steklarna-rogaska.si\/hr\/wp-json\/wp\/v2\/types\/product"}],"replies":[{"embeddable":true,"href":"https:\/\/steklarna-rogaska.si\/hr\/wp-json\/wp\/v2\/comments?post=15115"}],"wp:featuredmedia":[{"embeddable":true,"href":"https:\/\/steklarna-rogaska.si\/hr\/wp-json\/wp\/v2\/media\/12322"}],"wp:attachment":[{"href":"https:\/\/steklarna-rogaska.si\/hr\/wp-json\/wp\/v2\/media?parent=15115"}],"wp:term":[{"taxonomy":"product_brand","embeddable":true,"href":"https:\/\/steklarna-rogaska.si\/hr\/wp-json\/wp\/v2\/product_brand?post=15115"},{"taxonomy":"product_cat","embeddable":true,"href":"https:\/\/steklarna-rogaska.si\/hr\/wp-json\/wp\/v2\/product_cat?post=15115"},{"taxonomy":"product_tag","embeddable":true,"href":"https:\/\/steklarna-rogaska.si\/hr\/wp-json\/wp\/v2\/product_tag?post=15115"}],"curies":[{"name":"wp","href":"https:\/\/api.w.org\/{rel}","templated":true}]}}