{"id":15092,"date":"2021-04-14T13:49:36","date_gmt":"2021-04-14T13:49:36","guid":{"rendered":"https:\/\/steklarna-rogaska.si\/product\/shift-optic-casa-za-pjenusac-set-2\/"},"modified":"2024-10-10T10:01:25","modified_gmt":"2024-10-10T10:01:25","slug":"shift-optic-casa-za-pjenusac-set-2","status":"publish","type":"product","link":"https:\/\/steklarna-rogaska.si\/hr\/proizvod\/shift-optic-casa-za-pjenusac-set-2\/","title":{"rendered":"SHIFT &#8211; OPTIC &#8211; \u010da\u0161a za pjenu\u0161ac &#8211; set 2"},"content":{"rendered":"<p>V: 200 mm<\/p>\n<p>fi: 71 mm<\/p>\n","protected":false},"excerpt":{"rendered":"<p>V: 200 mm fi: 71 mm<\/p>\n","protected":false},"featured_media":12848,"comment_status":"open","ping_status":"open","template":"","meta":[],"product_brand":[],"product_cat":[1060,1069,559,1068],"product_tag":[735,751,752,753],"class_list":{"0":"post-15092","1":"product","2":"type-product","3":"status-publish","4":"has-post-thumbnail","6":"product_cat-case","7":"product_cat-case-za-pjenusac","8":"product_cat-sve-za-vino","9":"product_cat-case-za-pjenusac-hr","10":"product_tag-poroka-hr-2","11":"product_tag-poslovna-darila-hr","12":"product_tag-praznicna-darila-hr","13":"product_tag-praznovanje-hr","15":"first","16":"instock","17":"shipping-taxable","18":"purchasable","19":"product-type-simple"},"_links":{"self":[{"href":"https:\/\/steklarna-rogaska.si\/hr\/wp-json\/wp\/v2\/product\/15092","targetHints":{"allow":["GET"]}}],"collection":[{"href":"https:\/\/steklarna-rogaska.si\/hr\/wp-json\/wp\/v2\/product"}],"about":[{"href":"https:\/\/steklarna-rogaska.si\/hr\/wp-json\/wp\/v2\/types\/product"}],"replies":[{"embeddable":true,"href":"https:\/\/steklarna-rogaska.si\/hr\/wp-json\/wp\/v2\/comments?post=15092"}],"wp:featuredmedia":[{"embeddable":true,"href":"https:\/\/steklarna-rogaska.si\/hr\/wp-json\/wp\/v2\/media\/12848"}],"wp:attachment":[{"href":"https:\/\/steklarna-rogaska.si\/hr\/wp-json\/wp\/v2\/media?parent=15092"}],"wp:term":[{"taxonomy":"product_brand","embeddable":true,"href":"https:\/\/steklarna-rogaska.si\/hr\/wp-json\/wp\/v2\/product_brand?post=15092"},{"taxonomy":"product_cat","embeddable":true,"href":"https:\/\/steklarna-rogaska.si\/hr\/wp-json\/wp\/v2\/product_cat?post=15092"},{"taxonomy":"product_tag","embeddable":true,"href":"https:\/\/steklarna-rogaska.si\/hr\/wp-json\/wp\/v2\/product_tag?post=15092"}],"curies":[{"name":"wp","href":"https:\/\/api.w.org\/{rel}","templated":true}]}}