{"id":15085,"date":"2021-11-23T11:06:05","date_gmt":"2021-11-23T11:06:05","guid":{"rendered":"https:\/\/steklarna-rogaska.si\/product\/diamond-gold-boca-za\/"},"modified":"2024-03-07T06:11:52","modified_gmt":"2024-03-07T06:11:52","slug":"diamond-gold-boca-za-vino-zestoka-pica","status":"publish","type":"product","link":"https:\/\/steklarna-rogaska.si\/hr\/proizvod\/diamond-gold-boca-za-vino-zestoka-pica\/","title":{"rendered":"DIAMOND GOLD &#8211; boca sa \u010depom za vino\/ \u017eestoka pi\u010da"},"content":{"rendered":"<p>vi\u0161ina: 412 mm<\/p>\n<p>fi: 119 mm<\/p>\n","protected":false},"excerpt":{"rendered":"<p>vi\u0161ina: 412 mm fi: 119 mm<\/p>\n","protected":false},"featured_media":14952,"comment_status":"open","ping_status":"open","template":"","meta":[],"product_brand":[],"product_cat":[1051,1054],"product_tag":[642],"class_list":{"0":"post-15085","1":"product","2":"type-product","3":"status-publish","4":"has-post-thumbnail","6":"product_cat-boce-dekanteri-bokali-vrcevi","7":"product_cat-boca-za-vino-hr","8":"product_tag-diamond-gold-hr","10":"first","11":"instock","12":"shipping-taxable","13":"purchasable","14":"product-type-simple"},"_links":{"self":[{"href":"https:\/\/steklarna-rogaska.si\/hr\/wp-json\/wp\/v2\/product\/15085","targetHints":{"allow":["GET"]}}],"collection":[{"href":"https:\/\/steklarna-rogaska.si\/hr\/wp-json\/wp\/v2\/product"}],"about":[{"href":"https:\/\/steklarna-rogaska.si\/hr\/wp-json\/wp\/v2\/types\/product"}],"replies":[{"embeddable":true,"href":"https:\/\/steklarna-rogaska.si\/hr\/wp-json\/wp\/v2\/comments?post=15085"}],"wp:featuredmedia":[{"embeddable":true,"href":"https:\/\/steklarna-rogaska.si\/hr\/wp-json\/wp\/v2\/media\/14952"}],"wp:attachment":[{"href":"https:\/\/steklarna-rogaska.si\/hr\/wp-json\/wp\/v2\/media?parent=15085"}],"wp:term":[{"taxonomy":"product_brand","embeddable":true,"href":"https:\/\/steklarna-rogaska.si\/hr\/wp-json\/wp\/v2\/product_brand?post=15085"},{"taxonomy":"product_cat","embeddable":true,"href":"https:\/\/steklarna-rogaska.si\/hr\/wp-json\/wp\/v2\/product_cat?post=15085"},{"taxonomy":"product_tag","embeddable":true,"href":"https:\/\/steklarna-rogaska.si\/hr\/wp-json\/wp\/v2\/product_tag?post=15085"}],"curies":[{"name":"wp","href":"https:\/\/api.w.org\/{rel}","templated":true}]}}