{"id":15083,"date":"2021-11-23T08:41:42","date_gmt":"2021-11-23T08:41:42","guid":{"rendered":"https:\/\/steklarna-rogaska.si\/product\/diamond-gold-casa-za-viski-set-2\/"},"modified":"2024-06-10T09:21:23","modified_gmt":"2024-06-10T09:21:23","slug":"diamond-gold-casa-za-viski-set-2","status":"publish","type":"product","link":"https:\/\/steklarna-rogaska.si\/hr\/proizvod\/diamond-gold-casa-za-viski-set-2\/","title":{"rendered":"DIAMOND GOLD &#8211; \u010da\u0161a za viski- set 2"},"content":{"rendered":"<p>vi\u0161ina: 99 mm<\/p>\n<p>fi: 84 mm<\/p>\n","protected":false},"excerpt":{"rendered":"<p>vi\u0161ina: 99 mm fi: 84 mm<\/p>\n","protected":false},"featured_media":15124,"comment_status":"open","ping_status":"closed","template":"","meta":[],"product_brand":[],"product_cat":[1060,1062],"product_tag":[642,831,571],"class_list":{"0":"post-15083","1":"product","2":"type-product","3":"status-publish","4":"has-post-thumbnail","6":"product_cat-case","7":"product_cat-case-za-viski","8":"product_tag-diamond-gold-hr","9":"product_tag-za-whisky-hr","10":"product_tag-za-zestice","12":"first","13":"instock","14":"shipping-taxable","15":"purchasable","16":"product-type-simple"},"_links":{"self":[{"href":"https:\/\/steklarna-rogaska.si\/hr\/wp-json\/wp\/v2\/product\/15083","targetHints":{"allow":["GET"]}}],"collection":[{"href":"https:\/\/steklarna-rogaska.si\/hr\/wp-json\/wp\/v2\/product"}],"about":[{"href":"https:\/\/steklarna-rogaska.si\/hr\/wp-json\/wp\/v2\/types\/product"}],"replies":[{"embeddable":true,"href":"https:\/\/steklarna-rogaska.si\/hr\/wp-json\/wp\/v2\/comments?post=15083"}],"wp:featuredmedia":[{"embeddable":true,"href":"https:\/\/steklarna-rogaska.si\/hr\/wp-json\/wp\/v2\/media\/15124"}],"wp:attachment":[{"href":"https:\/\/steklarna-rogaska.si\/hr\/wp-json\/wp\/v2\/media?parent=15083"}],"wp:term":[{"taxonomy":"product_brand","embeddable":true,"href":"https:\/\/steklarna-rogaska.si\/hr\/wp-json\/wp\/v2\/product_brand?post=15083"},{"taxonomy":"product_cat","embeddable":true,"href":"https:\/\/steklarna-rogaska.si\/hr\/wp-json\/wp\/v2\/product_cat?post=15083"},{"taxonomy":"product_tag","embeddable":true,"href":"https:\/\/steklarna-rogaska.si\/hr\/wp-json\/wp\/v2\/product_tag?post=15083"}],"curies":[{"name":"wp","href":"https:\/\/api.w.org\/{rel}","templated":true}]}}