{"id":15081,"date":"2021-11-23T08:50:38","date_gmt":"2021-11-23T08:50:38","guid":{"rendered":"https:\/\/steklarna-rogaska.si\/product\/diamond-gold-salica-za-caj-set-2\/"},"modified":"2024-03-07T06:12:12","modified_gmt":"2024-03-07T06:12:12","slug":"diamond-gold-salica-za-caj-set-2","status":"publish","type":"product","link":"https:\/\/steklarna-rogaska.si\/hr\/proizvod\/diamond-gold-salica-za-caj-set-2\/","title":{"rendered":"DIAMOND GOLD &#8211; \u0161alica za \u010daj &#8211; set 2"},"content":{"rendered":"<p>vi\u0161ina: 92mm<\/p>\n<p>\u0161irina: 100 mm<\/p>\n","protected":false},"excerpt":{"rendered":"<p>vi\u0161ina: 92mm \u0161irina: 100 mm<\/p>\n","protected":false},"featured_media":15121,"comment_status":"open","ping_status":"open","template":"","meta":[],"product_brand":[],"product_cat":[1229,1045,1119,1034,1041,1039,1127,1226],"product_tag":[642,752,773,760],"class_list":{"0":"post-15081","1":"product","2":"type-product","3":"status-publish","4":"has-post-thumbnail","6":"product_cat-poklon-program","7":"product_cat-poklon-za-njega","8":"product_cat-poklon-za-nju","9":"product_cat-poslovni-pokloni","10":"product_cat-bozicna-ponuda","11":"product_cat-salice-za-kavu-caj-sladoled","12":"product_cat-salice-za-caj","13":"product_cat-salice-za-kavu-hr","14":"product_tag-diamond-gold-hr","15":"product_tag-praznicna-darila-hr","16":"product_tag-za-caj-hr","17":"product_tag-za-kavo-hr","19":"first","20":"instock","21":"shipping-taxable","22":"purchasable","23":"product-type-simple"},"_links":{"self":[{"href":"https:\/\/steklarna-rogaska.si\/hr\/wp-json\/wp\/v2\/product\/15081","targetHints":{"allow":["GET"]}}],"collection":[{"href":"https:\/\/steklarna-rogaska.si\/hr\/wp-json\/wp\/v2\/product"}],"about":[{"href":"https:\/\/steklarna-rogaska.si\/hr\/wp-json\/wp\/v2\/types\/product"}],"replies":[{"embeddable":true,"href":"https:\/\/steklarna-rogaska.si\/hr\/wp-json\/wp\/v2\/comments?post=15081"}],"wp:featuredmedia":[{"embeddable":true,"href":"https:\/\/steklarna-rogaska.si\/hr\/wp-json\/wp\/v2\/media\/15121"}],"wp:attachment":[{"href":"https:\/\/steklarna-rogaska.si\/hr\/wp-json\/wp\/v2\/media?parent=15081"}],"wp:term":[{"taxonomy":"product_brand","embeddable":true,"href":"https:\/\/steklarna-rogaska.si\/hr\/wp-json\/wp\/v2\/product_brand?post=15081"},{"taxonomy":"product_cat","embeddable":true,"href":"https:\/\/steklarna-rogaska.si\/hr\/wp-json\/wp\/v2\/product_cat?post=15081"},{"taxonomy":"product_tag","embeddable":true,"href":"https:\/\/steklarna-rogaska.si\/hr\/wp-json\/wp\/v2\/product_tag?post=15081"}],"curies":[{"name":"wp","href":"https:\/\/api.w.org\/{rel}","templated":true}]}}