{"id":15077,"date":"2021-11-23T09:03:42","date_gmt":"2021-11-23T09:03:42","guid":{"rendered":"https:\/\/steklarna-rogaska.si\/product\/diamond-gold-casa-za-bijelo-vino-set-2\/"},"modified":"2024-03-07T06:12:29","modified_gmt":"2024-03-07T06:12:29","slug":"diamond-gold-casa-za-bijelo-vino-set-2","status":"publish","type":"product","link":"https:\/\/steklarna-rogaska.si\/hr\/proizvod\/diamond-gold-casa-za-bijelo-vino-set-2\/","title":{"rendered":"DIAMOND GOLD &#8211; \u010da\u0161a za bijelo vino &#8211; set 2"},"content":{"rendered":"<p>vi\u0161ina: 190 mm<\/p>\n<p>fi: 81 mm<\/p>\n","protected":false},"excerpt":{"rendered":"<p>vi\u0161ina: 190 mm fi: 81 mm<\/p>\n","protected":false},"featured_media":15130,"comment_status":"open","ping_status":"open","template":"","meta":[],"product_brand":[],"product_cat":[1060,1078],"product_tag":[642,1079],"class_list":{"0":"post-15077","1":"product","2":"type-product","3":"status-publish","4":"has-post-thumbnail","6":"product_cat-case","7":"product_cat-case-za-vino","8":"product_tag-diamond-gold-hr","9":"product_tag-kozarec-za-vino-hr","11":"first","12":"instock","13":"shipping-taxable","14":"purchasable","15":"product-type-simple"},"_links":{"self":[{"href":"https:\/\/steklarna-rogaska.si\/hr\/wp-json\/wp\/v2\/product\/15077","targetHints":{"allow":["GET"]}}],"collection":[{"href":"https:\/\/steklarna-rogaska.si\/hr\/wp-json\/wp\/v2\/product"}],"about":[{"href":"https:\/\/steklarna-rogaska.si\/hr\/wp-json\/wp\/v2\/types\/product"}],"replies":[{"embeddable":true,"href":"https:\/\/steklarna-rogaska.si\/hr\/wp-json\/wp\/v2\/comments?post=15077"}],"wp:featuredmedia":[{"embeddable":true,"href":"https:\/\/steklarna-rogaska.si\/hr\/wp-json\/wp\/v2\/media\/15130"}],"wp:attachment":[{"href":"https:\/\/steklarna-rogaska.si\/hr\/wp-json\/wp\/v2\/media?parent=15077"}],"wp:term":[{"taxonomy":"product_brand","embeddable":true,"href":"https:\/\/steklarna-rogaska.si\/hr\/wp-json\/wp\/v2\/product_brand?post=15077"},{"taxonomy":"product_cat","embeddable":true,"href":"https:\/\/steklarna-rogaska.si\/hr\/wp-json\/wp\/v2\/product_cat?post=15077"},{"taxonomy":"product_tag","embeddable":true,"href":"https:\/\/steklarna-rogaska.si\/hr\/wp-json\/wp\/v2\/product_tag?post=15077"}],"curies":[{"name":"wp","href":"https:\/\/api.w.org\/{rel}","templated":true}]}}