{"id":15075,"date":"2021-11-23T09:08:29","date_gmt":"2021-11-23T09:08:29","guid":{"rendered":"https:\/\/steklarna-rogaska.si\/product\/diamond-gold-casa-za-pjenusac-set-2\/"},"modified":"2025-04-22T12:21:48","modified_gmt":"2025-04-22T12:21:48","slug":"diamond-gold-casa-za-pjenusac-set-2","status":"publish","type":"product","link":"https:\/\/steklarna-rogaska.si\/hr\/proizvod\/diamond-gold-casa-za-pjenusac-set-2\/","title":{"rendered":"DIAMOND GOLD &#8211; \u010da\u0161a za pjenu\u0161ac &#8211; set 2"},"content":{"rendered":"<p>vi\u0161ina: 236 mm<\/p>\n<p>fi: \u00a060\u00a0 mm<\/p>\n","protected":false},"excerpt":{"rendered":"<p>vi\u0161ina: 236 mm fi: \u00a060\u00a0 mm<\/p>\n","protected":false},"featured_media":15133,"comment_status":"open","ping_status":"open","template":"","meta":[],"product_brand":[],"product_cat":[1060,1069,559,1068],"product_tag":[642,1072],"class_list":{"0":"post-15075","1":"product","2":"type-product","3":"status-publish","4":"has-post-thumbnail","6":"product_cat-case","7":"product_cat-case-za-pjenusac","8":"product_cat-sve-za-vino","9":"product_cat-case-za-pjenusac-hr","10":"product_tag-diamond-gold-hr","11":"product_tag-kozarec-za-penino-hr","13":"first","14":"instock","15":"shipping-taxable","16":"purchasable","17":"product-type-simple"},"_links":{"self":[{"href":"https:\/\/steklarna-rogaska.si\/hr\/wp-json\/wp\/v2\/product\/15075","targetHints":{"allow":["GET"]}}],"collection":[{"href":"https:\/\/steklarna-rogaska.si\/hr\/wp-json\/wp\/v2\/product"}],"about":[{"href":"https:\/\/steklarna-rogaska.si\/hr\/wp-json\/wp\/v2\/types\/product"}],"replies":[{"embeddable":true,"href":"https:\/\/steklarna-rogaska.si\/hr\/wp-json\/wp\/v2\/comments?post=15075"}],"wp:featuredmedia":[{"embeddable":true,"href":"https:\/\/steklarna-rogaska.si\/hr\/wp-json\/wp\/v2\/media\/15133"}],"wp:attachment":[{"href":"https:\/\/steklarna-rogaska.si\/hr\/wp-json\/wp\/v2\/media?parent=15075"}],"wp:term":[{"taxonomy":"product_brand","embeddable":true,"href":"https:\/\/steklarna-rogaska.si\/hr\/wp-json\/wp\/v2\/product_brand?post=15075"},{"taxonomy":"product_cat","embeddable":true,"href":"https:\/\/steklarna-rogaska.si\/hr\/wp-json\/wp\/v2\/product_cat?post=15075"},{"taxonomy":"product_tag","embeddable":true,"href":"https:\/\/steklarna-rogaska.si\/hr\/wp-json\/wp\/v2\/product_tag?post=15075"}],"curies":[{"name":"wp","href":"https:\/\/api.w.org\/{rel}","templated":true}]}}