{"id":15073,"date":"2021-11-23T09:13:42","date_gmt":"2021-11-23T09:13:42","guid":{"rendered":"https:\/\/steklarna-rogaska.si\/product\/diamond-gold-casa-za-crveno-vino-vodu-set-2\/"},"modified":"2024-03-07T06:12:19","modified_gmt":"2024-03-07T06:12:19","slug":"diamond-gold-casa-za-crveno-vino-vodu-set-2","status":"publish","type":"product","link":"https:\/\/steklarna-rogaska.si\/hr\/proizvod\/diamond-gold-casa-za-crveno-vino-vodu-set-2\/","title":{"rendered":"DIAMOND GOLD &#8211; \u010da\u0161a za crveno vino &#8211; vodu &#8211; set 2"},"content":{"rendered":"<p>vi\u0161ina: 223 mm<\/p>\n<p>fi: 93 mm<\/p>\n","protected":false},"excerpt":{"rendered":"<p>vi\u0161ina: 223 mm fi: 93 mm<\/p>\n","protected":false},"featured_media":15136,"comment_status":"open","ping_status":"open","template":"","meta":[],"product_brand":[],"product_cat":[1060,1078,1067],"product_tag":[642,1079,566,570],"class_list":{"0":"post-15073","1":"product","2":"type-product","3":"status-publish","4":"has-post-thumbnail","6":"product_cat-case","7":"product_cat-case-za-vino","8":"product_cat-case-za-vodo","9":"product_tag-diamond-gold-hr","10":"product_tag-kozarec-za-vino-hr","11":"product_tag-za-crveno-vino","12":"product_tag-za-vodu","14":"first","15":"instock","16":"shipping-taxable","17":"purchasable","18":"product-type-simple"},"_links":{"self":[{"href":"https:\/\/steklarna-rogaska.si\/hr\/wp-json\/wp\/v2\/product\/15073","targetHints":{"allow":["GET"]}}],"collection":[{"href":"https:\/\/steklarna-rogaska.si\/hr\/wp-json\/wp\/v2\/product"}],"about":[{"href":"https:\/\/steklarna-rogaska.si\/hr\/wp-json\/wp\/v2\/types\/product"}],"replies":[{"embeddable":true,"href":"https:\/\/steklarna-rogaska.si\/hr\/wp-json\/wp\/v2\/comments?post=15073"}],"wp:featuredmedia":[{"embeddable":true,"href":"https:\/\/steklarna-rogaska.si\/hr\/wp-json\/wp\/v2\/media\/15136"}],"wp:attachment":[{"href":"https:\/\/steklarna-rogaska.si\/hr\/wp-json\/wp\/v2\/media?parent=15073"}],"wp:term":[{"taxonomy":"product_brand","embeddable":true,"href":"https:\/\/steklarna-rogaska.si\/hr\/wp-json\/wp\/v2\/product_brand?post=15073"},{"taxonomy":"product_cat","embeddable":true,"href":"https:\/\/steklarna-rogaska.si\/hr\/wp-json\/wp\/v2\/product_cat?post=15073"},{"taxonomy":"product_tag","embeddable":true,"href":"https:\/\/steklarna-rogaska.si\/hr\/wp-json\/wp\/v2\/product_tag?post=15073"}],"curies":[{"name":"wp","href":"https:\/\/api.w.org\/{rel}","templated":true}]}}