{"id":15071,"date":"2021-11-23T09:37:33","date_gmt":"2021-11-23T09:37:33","guid":{"rendered":"https:\/\/steklarna-rogaska.si\/product\/diamond-platinum-casa-za-zestoka-pica-platina-set-2\/"},"modified":"2024-06-10T09:21:28","modified_gmt":"2024-06-10T09:21:28","slug":"diamond-platinum-casa-za-zestoka-pica-platina-set-2","status":"publish","type":"product","link":"https:\/\/steklarna-rogaska.si\/hr\/proizvod\/diamond-platinum-casa-za-zestoka-pica-platina-set-2\/","title":{"rendered":"DIAMOND PLATINUM &#8211; \u010da\u0161a za \u017eestoka pi\u010da &#8211; Platina &#8211; set 2"},"content":{"rendered":"<p>v: 67 mm<\/p>\n<p>fi: 50 mm<\/p>\n","protected":false},"excerpt":{"rendered":"<p>v: 67 mm fi: 50 mm<\/p>\n","protected":false},"featured_media":15145,"comment_status":"open","ping_status":"closed","template":"","meta":[],"product_brand":[],"product_cat":[1060,1061],"product_tag":[644,571],"class_list":{"0":"post-15071","1":"product","2":"type-product","3":"status-publish","4":"has-post-thumbnail","6":"product_cat-case","7":"product_cat-casa-za-zestoka-pica","8":"product_tag-diamond-platinum-hr","9":"product_tag-za-zestice","11":"first","12":"instock","13":"shipping-taxable","14":"purchasable","15":"product-type-simple"},"_links":{"self":[{"href":"https:\/\/steklarna-rogaska.si\/hr\/wp-json\/wp\/v2\/product\/15071","targetHints":{"allow":["GET"]}}],"collection":[{"href":"https:\/\/steklarna-rogaska.si\/hr\/wp-json\/wp\/v2\/product"}],"about":[{"href":"https:\/\/steklarna-rogaska.si\/hr\/wp-json\/wp\/v2\/types\/product"}],"replies":[{"embeddable":true,"href":"https:\/\/steklarna-rogaska.si\/hr\/wp-json\/wp\/v2\/comments?post=15071"}],"wp:featuredmedia":[{"embeddable":true,"href":"https:\/\/steklarna-rogaska.si\/hr\/wp-json\/wp\/v2\/media\/15145"}],"wp:attachment":[{"href":"https:\/\/steklarna-rogaska.si\/hr\/wp-json\/wp\/v2\/media?parent=15071"}],"wp:term":[{"taxonomy":"product_brand","embeddable":true,"href":"https:\/\/steklarna-rogaska.si\/hr\/wp-json\/wp\/v2\/product_brand?post=15071"},{"taxonomy":"product_cat","embeddable":true,"href":"https:\/\/steklarna-rogaska.si\/hr\/wp-json\/wp\/v2\/product_cat?post=15071"},{"taxonomy":"product_tag","embeddable":true,"href":"https:\/\/steklarna-rogaska.si\/hr\/wp-json\/wp\/v2\/product_tag?post=15071"}],"curies":[{"name":"wp","href":"https:\/\/api.w.org\/{rel}","templated":true}]}}