{"id":14990,"date":"2025-05-21T05:36:58","date_gmt":"2025-05-21T05:36:58","guid":{"rendered":"https:\/\/steklarna-rogaska.si\/product\/square-svijecnjak-10-cm\/"},"modified":"2025-08-22T17:47:48","modified_gmt":"2025-08-22T17:47:48","slug":"square-svijecnjak-10-cm","status":"publish","type":"product","link":"https:\/\/steklarna-rogaska.si\/hr\/proizvod\/square-svijecnjak-10-cm\/","title":{"rendered":"SVIJE\u0106NJAK 10 CM &#8211; KVADRATNI &#8211; komad"},"content":{"rendered":"<p>visina = 100 mm \u0161irina = 90 mm te\u017eina = 0,85 kg<\/p>\n","protected":false},"excerpt":{"rendered":"<p>visina = 100 mm \u0161irina = 90 mm te\u017eina = 0,85 kg<\/p>\n","protected":false},"featured_media":10610,"comment_status":"open","ping_status":"closed","template":"","meta":[],"product_brand":[],"product_cat":[1037,1038,1229,1034,1041,1036],"product_tag":[751,752,725],"class_list":{"0":"post-14990","1":"product","2":"type-product","3":"status-publish","4":"has-post-thumbnail","6":"product_cat-bozic","7":"product_cat-bozicne-dekoracije","8":"product_cat-poklon-program","9":"product_cat-poslovni-pokloni","10":"product_cat-bozicna-ponuda","11":"product_cat-svijecnjak","12":"product_tag-poslovna-darila-hr","13":"product_tag-praznicna-darila-hr","14":"product_tag-square-hr","16":"first","17":"instock","18":"shipping-taxable","19":"purchasable","20":"product-type-simple"},"_links":{"self":[{"href":"https:\/\/steklarna-rogaska.si\/hr\/wp-json\/wp\/v2\/product\/14990","targetHints":{"allow":["GET"]}}],"collection":[{"href":"https:\/\/steklarna-rogaska.si\/hr\/wp-json\/wp\/v2\/product"}],"about":[{"href":"https:\/\/steklarna-rogaska.si\/hr\/wp-json\/wp\/v2\/types\/product"}],"replies":[{"embeddable":true,"href":"https:\/\/steklarna-rogaska.si\/hr\/wp-json\/wp\/v2\/comments?post=14990"}],"wp:featuredmedia":[{"embeddable":true,"href":"https:\/\/steklarna-rogaska.si\/hr\/wp-json\/wp\/v2\/media\/10610"}],"wp:attachment":[{"href":"https:\/\/steklarna-rogaska.si\/hr\/wp-json\/wp\/v2\/media?parent=14990"}],"wp:term":[{"taxonomy":"product_brand","embeddable":true,"href":"https:\/\/steklarna-rogaska.si\/hr\/wp-json\/wp\/v2\/product_brand?post=14990"},{"taxonomy":"product_cat","embeddable":true,"href":"https:\/\/steklarna-rogaska.si\/hr\/wp-json\/wp\/v2\/product_cat?post=14990"},{"taxonomy":"product_tag","embeddable":true,"href":"https:\/\/steklarna-rogaska.si\/hr\/wp-json\/wp\/v2\/product_tag?post=14990"}],"curies":[{"name":"wp","href":"https:\/\/api.w.org\/{rel}","templated":true}]}}