{"id":14974,"date":"2021-11-19T09:32:01","date_gmt":"2021-11-19T09:32:01","guid":{"rendered":"https:\/\/steklarna-rogaska.si\/product\/polar-light-caj-za-dvoje-poklon-set-2-salice-i-caj-wedgwood\/"},"modified":"2024-06-10T09:21:36","modified_gmt":"2024-06-10T09:21:36","slug":"polar-light-caj-za-dvoje-poklon-set-2-salice-i-caj-wedgwood","status":"publish","type":"product","link":"https:\/\/steklarna-rogaska.si\/hr\/proizvod\/polar-light-caj-za-dvoje-poklon-set-2-salice-i-caj-wedgwood\/","title":{"rendered":"POLAR LIGHT &#8211; \u010cAJ ZA DVOJE &#8211; POKLON SET 2 \u0160ALICE I \u010cAJ WEDGWOOD"},"content":{"rendered":"","protected":false},"excerpt":{"rendered":"","protected":false},"featured_media":20849,"comment_status":"open","ping_status":"closed","template":"","meta":[],"product_brand":[],"product_cat":[1229,1045,1119,1034,1041,1039,1127],"product_tag":[1133,1131,702,751,866],"class_list":{"0":"post-14974","1":"product","2":"type-product","3":"status-publish","4":"has-post-thumbnail","6":"product_cat-poklon-program","7":"product_cat-poklon-za-njega","8":"product_cat-poklon-za-nju","9":"product_cat-poslovni-pokloni","10":"product_cat-bozicna-ponuda","11":"product_cat-salice-za-kavu-caj-sladoled","12":"product_cat-salice-za-caj","13":"product_tag-cajni-set-hr","14":"product_tag-pokron-za-roden-dan","15":"product_tag-polar-light-hr","16":"product_tag-poslovna-darila-hr","17":"product_tag-salica-iz-porcelana","19":"first","20":"outofstock","21":"shipping-taxable","22":"purchasable","23":"product-type-simple"},"_links":{"self":[{"href":"https:\/\/steklarna-rogaska.si\/hr\/wp-json\/wp\/v2\/product\/14974","targetHints":{"allow":["GET"]}}],"collection":[{"href":"https:\/\/steklarna-rogaska.si\/hr\/wp-json\/wp\/v2\/product"}],"about":[{"href":"https:\/\/steklarna-rogaska.si\/hr\/wp-json\/wp\/v2\/types\/product"}],"replies":[{"embeddable":true,"href":"https:\/\/steklarna-rogaska.si\/hr\/wp-json\/wp\/v2\/comments?post=14974"}],"wp:featuredmedia":[{"embeddable":true,"href":"https:\/\/steklarna-rogaska.si\/hr\/wp-json\/wp\/v2\/media\/20849"}],"wp:attachment":[{"href":"https:\/\/steklarna-rogaska.si\/hr\/wp-json\/wp\/v2\/media?parent=14974"}],"wp:term":[{"taxonomy":"product_brand","embeddable":true,"href":"https:\/\/steklarna-rogaska.si\/hr\/wp-json\/wp\/v2\/product_brand?post=14974"},{"taxonomy":"product_cat","embeddable":true,"href":"https:\/\/steklarna-rogaska.si\/hr\/wp-json\/wp\/v2\/product_cat?post=14974"},{"taxonomy":"product_tag","embeddable":true,"href":"https:\/\/steklarna-rogaska.si\/hr\/wp-json\/wp\/v2\/product_tag?post=14974"}],"curies":[{"name":"wp","href":"https:\/\/api.w.org\/{rel}","templated":true}]}}