{"id":14973,"date":"2021-11-19T09:36:51","date_gmt":"2021-11-19T09:36:51","guid":{"rendered":"https:\/\/steklarna-rogaska.si\/product\/crown-jewel-caj-za-dvoje-poklon-set-2-salice-i-caj-wedgwood\/"},"modified":"2024-06-10T09:21:35","modified_gmt":"2024-06-10T09:21:35","slug":"crown-jewel-caj-za-dvoje-poklon-set-2-salice-i-caj-wedgwood","status":"publish","type":"product","link":"https:\/\/steklarna-rogaska.si\/hr\/proizvod\/crown-jewel-caj-za-dvoje-poklon-set-2-salice-i-caj-wedgwood\/","title":{"rendered":"CROWN JEWEL &#8211; \u010cAJ ZA DVOJE &#8211; POKLON SET 2 \u0160ALICE I \u010cAJ WEDGWOOD"},"content":{"rendered":"","protected":false},"excerpt":{"rendered":"","protected":false},"featured_media":20852,"comment_status":"open","ping_status":"closed","template":"","meta":[],"product_brand":[],"product_cat":[1229,1034,1041,1039,1127],"product_tag":[630,751,752,1132],"class_list":{"0":"post-14973","1":"product","2":"type-product","3":"status-publish","4":"has-post-thumbnail","6":"product_cat-poklon-program","7":"product_cat-poslovni-pokloni","8":"product_cat-bozicna-ponuda","9":"product_cat-salice-za-kavu-caj-sladoled","10":"product_cat-salice-za-caj","11":"product_tag-crown-jewel-hr","12":"product_tag-poslovna-darila-hr","13":"product_tag-praznicna-darila-hr","14":"product_tag-wedgwood-hr","16":"first","17":"outofstock","18":"shipping-taxable","19":"purchasable","20":"product-type-simple"},"_links":{"self":[{"href":"https:\/\/steklarna-rogaska.si\/hr\/wp-json\/wp\/v2\/product\/14973","targetHints":{"allow":["GET"]}}],"collection":[{"href":"https:\/\/steklarna-rogaska.si\/hr\/wp-json\/wp\/v2\/product"}],"about":[{"href":"https:\/\/steklarna-rogaska.si\/hr\/wp-json\/wp\/v2\/types\/product"}],"replies":[{"embeddable":true,"href":"https:\/\/steklarna-rogaska.si\/hr\/wp-json\/wp\/v2\/comments?post=14973"}],"wp:featuredmedia":[{"embeddable":true,"href":"https:\/\/steklarna-rogaska.si\/hr\/wp-json\/wp\/v2\/media\/20852"}],"wp:attachment":[{"href":"https:\/\/steklarna-rogaska.si\/hr\/wp-json\/wp\/v2\/media?parent=14973"}],"wp:term":[{"taxonomy":"product_brand","embeddable":true,"href":"https:\/\/steklarna-rogaska.si\/hr\/wp-json\/wp\/v2\/product_brand?post=14973"},{"taxonomy":"product_cat","embeddable":true,"href":"https:\/\/steklarna-rogaska.si\/hr\/wp-json\/wp\/v2\/product_cat?post=14973"},{"taxonomy":"product_tag","embeddable":true,"href":"https:\/\/steklarna-rogaska.si\/hr\/wp-json\/wp\/v2\/product_tag?post=14973"}],"curies":[{"name":"wp","href":"https:\/\/api.w.org\/{rel}","templated":true}]}}