{"id":14942,"date":"2021-05-18T10:44:23","date_gmt":"2021-05-18T10:44:23","guid":{"rendered":"https:\/\/steklarna-rogaska.si\/product\/monaco-casa-plava-set-6\/"},"modified":"2024-03-07T06:11:39","modified_gmt":"2024-03-07T06:11:39","slug":"monaco-casa-plava-set-6","status":"publish","type":"product","link":"https:\/\/steklarna-rogaska.si\/hr\/proizvod\/monaco-casa-plava-set-6\/","title":{"rendered":"MONACO &#8211; \u010da\u0161a za vodu PLAVA &#8211; set 6"},"content":{"rendered":"<p>v: 100 mm<\/p>\n<p>\u00d8: 82 mm<\/p>\n","protected":false},"excerpt":{"rendered":"<p>Usredoto\u010dite se na ono \u0161to je va\u017eno &#8211; jednostavnost, svestranost i eleganciju.<\/p>\n<p>Kolekcija MONACO, koja crpi inspiraciju iz minimalisti\u010dkog dizajna 1960-ih, nudi svje\u017eu interpretaciju tradicionalnih tehnika dizajna stakla. Pastelne nijanse daju razigran, ali miran dodir koji \u0107e odgovarati svakom osobnom stilu i interijeru.<\/p>\n<p>Cilindri\u010dni oblik s nje\u017eno zaobljenim dnom toliko je svestran da vam gotovo i ne trebaju druge \u010da\u0161e u va\u0161oj kolekciji &#8211; koristite liniju Monaco za poslu\u017eivanje vode, \u017eestokih pi\u0107a, smoothija, koktela, pa \u010dak i vina. Na taj na\u010din mo\u017eete izbje\u0107i pretrpane ormare, a svi podmeta\u010di \u0107e izgledati sofisticirano i elegantno!<\/p>\n","protected":false},"featured_media":13103,"comment_status":"open","ping_status":"open","template":"","meta":[],"product_brand":[],"product_cat":[537,1065,1059,1229,1119,1118,1034,1041,1060,1066,1084,1062,1067],"product_tag":[688,751,752,753],"class_list":{"0":"post-14942","1":"product","2":"type-product","3":"status-publish","4":"has-post-thumbnail","6":"product_cat-pribor-za-bar","7":"product_cat-case-za-gin-hr","8":"product_cat-case-za-viski-hr","9":"product_cat-poklon-program","10":"product_cat-poklon-za-nju","11":"product_cat-poklon-za-vjencanje","12":"product_cat-poslovni-pokloni","13":"product_cat-bozicna-ponuda","14":"product_cat-case","15":"product_cat-case-za-gin","16":"product_cat-case-za-sok","17":"product_cat-case-za-viski","18":"product_cat-case-za-vodo","19":"product_tag-monaco-hr","20":"product_tag-poslovna-darila-hr","21":"product_tag-praznicna-darila-hr","22":"product_tag-praznovanje-hr","24":"first","25":"outofstock","26":"shipping-taxable","27":"purchasable","28":"product-type-simple"},"_links":{"self":[{"href":"https:\/\/steklarna-rogaska.si\/hr\/wp-json\/wp\/v2\/product\/14942","targetHints":{"allow":["GET"]}}],"collection":[{"href":"https:\/\/steklarna-rogaska.si\/hr\/wp-json\/wp\/v2\/product"}],"about":[{"href":"https:\/\/steklarna-rogaska.si\/hr\/wp-json\/wp\/v2\/types\/product"}],"replies":[{"embeddable":true,"href":"https:\/\/steklarna-rogaska.si\/hr\/wp-json\/wp\/v2\/comments?post=14942"}],"wp:featuredmedia":[{"embeddable":true,"href":"https:\/\/steklarna-rogaska.si\/hr\/wp-json\/wp\/v2\/media\/13103"}],"wp:attachment":[{"href":"https:\/\/steklarna-rogaska.si\/hr\/wp-json\/wp\/v2\/media?parent=14942"}],"wp:term":[{"taxonomy":"product_brand","embeddable":true,"href":"https:\/\/steklarna-rogaska.si\/hr\/wp-json\/wp\/v2\/product_brand?post=14942"},{"taxonomy":"product_cat","embeddable":true,"href":"https:\/\/steklarna-rogaska.si\/hr\/wp-json\/wp\/v2\/product_cat?post=14942"},{"taxonomy":"product_tag","embeddable":true,"href":"https:\/\/steklarna-rogaska.si\/hr\/wp-json\/wp\/v2\/product_tag?post=14942"}],"curies":[{"name":"wp","href":"https:\/\/api.w.org\/{rel}","templated":true}]}}